{"id":10,"date":"2022-11-30T22:20:54","date_gmt":"2022-11-30T22:20:54","guid":{"rendered":"https:\/\/trotec.itsp.mx\/?page_id=10"},"modified":"2023-02-03T16:20:20","modified_gmt":"2023-02-03T16:20:20","slug":"inicio","status":"publish","type":"page","link":"https:\/\/trotec.itsp.mx\/","title":{"rendered":"Inicio"},"content":{"rendered":"<p>[et_pb_section fb_built=\u00bb1&#8243; fullwidth=\u00bbon\u00bb _builder_version=\u00bb4.19.2&#8243; _module_preset=\u00bbdefault\u00bb global_colors_info=\u00bb{}\u00bb][et_pb_fullwidth_slider _builder_version=\u00bb4.19.2&#8243; _module_preset=\u00bbdefault\u00bb global_colors_info=\u00bb{}\u00bb][et_pb_slide heading=\u00bbLa tecnolog\u00eda m\u00e1s avanzada en medici\u00f3n y detecci\u00f3n\u00bb use_bg_overlay=\u00bboff\u00bb use_text_overlay=\u00bbon\u00bb _builder_version=\u00bb4.19.2&#8243; _module_preset=\u00bbdefault\u00bb header_level=\u00bbh1&#8243; header_font=\u00bbHind|700|||||||\u00bb header_text_color=\u00bb#fbe900&#8243; header_font_size=\u00bb47px\u00bb background_image=\u00bbhttps:\/\/trotec.itsp.mx\/wp-content\/uploads\/2022\/12\/banner.jpg\u00bb background_enable_image=\u00bbon\u00bb custom_padding=\u00bb10px||||false|false\u00bb header_text_shadow_style=\u00bbpreset1&#8243; header_text_shadow_horizontal_length=\u00bb-0.01em\u00bb header_text_shadow_vertical_length=\u00bb0.05em\u00bb header_text_shadow_blur_strength=\u00bb0.84em\u00bb header_text_shadow_color=\u00bb#FFFFFF\u00bb global_colors_info=\u00bb{}\u00bb sticky_transition=\u00bbon\u00bb][\/et_pb_slide][et_pb_slide heading=\u00bbYour Title Goes Here\u00bb button_text=\u00bbClick Here\u00bb _builder_version=\u00bb4.19.2&#8243; _module_preset=\u00bbdefault\u00bb global_colors_info=\u00bb{}\u00bb sticky_transition=\u00bbon\u00bb]<\/p>\n<p>Your content goes here. Edit or remove this text inline or in the module Content settings. You can also style every aspect of this content in the module Design settings and even apply custom CSS to this text in the module Advanced settings.<\/p>\n<p>[\/et_pb_slide][\/et_pb_fullwidth_slider][\/et_pb_section][et_pb_section fb_built=\u00bb1&#8243; _builder_version=\u00bb4.19.2&#8243; _module_preset=\u00bbdefault\u00bb global_colors_info=\u00bb{}\u00bb][et_pb_row column_structure=\u00bb1_2,1_2&#8243; _builder_version=\u00bb4.19.2&#8243; _module_preset=\u00bbdefault\u00bb global_colors_info=\u00bb{}\u00bb][et_pb_column type=\u00bb1_2&#8243; _builder_version=\u00bb4.19.2&#8243; _module_preset=\u00bbdefault\u00bb global_colors_info=\u00bb{}\u00bb][et_pb_image src=\u00bbhttps:\/\/trotec.itsp.mx\/wp-content\/uploads\/2022\/11\/logo-trotec-png-gris.png\u00bb title_text=\u00bblogo trotec png gris\u00bb align=\u00bbcenter\u00bb _builder_version=\u00bb4.19.2&#8243; _module_preset=\u00bbdefault\u00bb width=\u00bb74%\u00bb custom_margin=\u00bb-18px||41px|||\u00bb global_colors_info=\u00bb{}\u00bb][\/et_pb_image][et_pb_text _builder_version=\u00bb4.19.2&#8243; _module_preset=\u00bbdefault\u00bb text_font=\u00bbCabin||||||||\u00bb text_font_size=\u00bb17px\u00bb header_font=\u00bbArchivo||||||||\u00bb header_2_font=\u00bbEncode Sans|700|||||||\u00bb header_2_text_align=\u00bbcenter\u00bb header_2_font_size=\u00bb25px\u00bb text_orientation=\u00bbcenter\u00bb global_colors_info=\u00bb{}\u00bb]<\/p>\n<h2>Elige productos Trotec<\/h2>\n<p>Esta marca con tecnolog\u00eda alemana proporciona soluciones sofisticadas a una tarea tan com\u00fan y necesaria como la medici\u00f3n.\u00a0 Con TROTEC conoce productos con la m\u00e1s avanzada tecnolog\u00eda de medici\u00f3n y sin perder la precisi\u00f3n que tanto deseas.<\/p>\n<p>[\/et_pb_text][\/et_pb_column][et_pb_column type=\u00bb1_2&#8243; _builder_version=\u00bb4.19.2&#8243; _module_preset=\u00bbdefault\u00bb global_colors_info=\u00bb{}\u00bb][et_pb_image src=\u00bbhttps:\/\/trotec.itsp.mx\/wp-content\/uploads\/2022\/12\/Copia-de-Copia-de-INDUSTRIA-TOTAL_Logo-Horizontal_2020-03.png\u00bb title_text=\u00bbCopia de Copia de INDUSTRIA TOTAL_Logo Horizontal_2020-03&#8243; align=\u00bbcenter\u00bb _builder_version=\u00bb4.19.2&#8243; _module_preset=\u00bbdefault\u00bb width=\u00bb61%\u00bb custom_margin=\u00bb-57px||||false|false\u00bb global_colors_info=\u00bb{}\u00bb][\/et_pb_image][et_pb_text _builder_version=\u00bb4.19.2&#8243; _module_preset=\u00bbdefault\u00bb text_font=\u00bbCabin||||||||\u00bb text_font_size=\u00bb17px\u00bb header_2_font=\u00bbEncode Sans|700|||||||\u00bb header_2_text_align=\u00bbcenter\u00bb header_2_font_size=\u00bb25px\u00bb text_orientation=\u00bbcenter\u00bb global_colors_info=\u00bb{}\u00bb]<\/p>\n<h2>Distribiuidor autorizado<\/h2>\n<p>Somos el canal que te permitir\u00e1 obtener los mejores productos en la industria, brindando siempre atenci\u00f3n al cliente, asesor\u00eda en cualquier rama industrial, los mejores tiempos de entrega del mercado y distribuidores autorizados de la marca TROTEC y muchas otras m\u00e1s que brindan diversas soluciones eficazmente.<\/p>\n<p>[\/et_pb_text][\/et_pb_column][\/et_pb_row][\/et_pb_section][et_pb_section fb_built=\u00bb1&#8243; module_id=\u00bbcategorias\u00bb _builder_version=\u00bb4.19.5&#8243; _module_preset=\u00bbdefault\u00bb custom_padding=\u00bb||0px|||\u00bb global_colors_info=\u00bb{}\u00bb][et_pb_row _builder_version=\u00bb4.19.5&#8243; _module_preset=\u00bbdefault\u00bb width=\u00bb100%\u00bb max_width=\u00bb2560px\u00bb global_colors_info=\u00bb{}\u00bb][et_pb_column type=\u00bb4_4&#8243; _builder_version=\u00bb4.19.4&#8243; _module_preset=\u00bbdefault\u00bb global_colors_info=\u00bb{}\u00bb][et_pb_text _builder_version=\u00bb4.19.5&#8243; _module_preset=\u00bbdefault\u00bb text_font=\u00bbCabin|700|||||||\u00bb text_text_color=\u00bb#636363&#8243; text_font_size=\u00bb37px\u00bb header_2_text_color=\u00bb#000000&#8243; background_color=\u00bb#fbe900&#8243; min_height=\u00bb60.8px\u00bb custom_margin=\u00bb||0px|||\u00bb border_color_top=\u00bbrgba(93,93,93,0.5)\u00bb border_color_bottom=\u00bbrgba(93,93,93,0.46)\u00bb global_colors_info=\u00bb{}\u00bb]<\/p>\n<p style=\"text-align: center;\">\n<p style=\"text-align: center;\">CATEGOR\u00cdAS DE PRODUCTOS<\/p>\n<p style=\"text-align: center;\">[\/et_pb_text][\/et_pb_column][\/et_pb_row][\/et_pb_section][et_pb_section fb_built=\u00bb1&#8243; _builder_version=\u00bb4.19.2&#8243; _module_preset=\u00bbdefault\u00bb global_colors_info=\u00bb{}\u00bb][et_pb_row column_structure=\u00bb1_3,1_3,1_3&#8243; _builder_version=\u00bb4.19.2&#8243; _module_preset=\u00bbdefault\u00bb custom_margin=\u00bb-64px|auto||auto||\u00bb global_colors_info=\u00bb{}\u00bb][et_pb_column type=\u00bb1_3&#8243; _builder_version=\u00bb4.19.2&#8243; _module_preset=\u00bbdefault\u00bb global_colors_info=\u00bb{}\u00bb][et_pb_image src=\u00bbhttps:\/\/trotec.itsp.mx\/wp-content\/uploads\/2022\/12\/1.jpg\u00bb title_text=\u00bb1&#8243; url=\u00bbhttps:\/\/trotec.itsp.mx\/index.php\/productos-medicion-de-presion\/\u00bb _builder_version=\u00bb4.19.5&#8243; _module_preset=\u00bbdefault\u00bb global_colors_info=\u00bb{}\u00bb][\/et_pb_image][\/et_pb_column][et_pb_column type=\u00bb1_3&#8243; _builder_version=\u00bb4.19.2&#8243; _module_preset=\u00bbdefault\u00bb global_colors_info=\u00bb{}\u00bb][et_pb_image src=\u00bbhttps:\/\/trotec.itsp.mx\/wp-content\/uploads\/2023\/01\/2.jpg\u00bb title_text=\u00bb2&#8243; url=\u00bbhttps:\/\/trotec.itsp.mx\/index.php\/productos-medicion-de-electricidad\/\u00bb _builder_version=\u00bb4.19.5&#8243; _module_preset=\u00bbdefault\u00bb global_colors_info=\u00bb{}\u00bb][\/et_pb_image][\/et_pb_column][et_pb_column type=\u00bb1_3&#8243; _builder_version=\u00bb4.19.2&#8243; _module_preset=\u00bbdefault\u00bb global_colors_info=\u00bb{}\u00bb][et_pb_image src=\u00bbhttps:\/\/trotec.itsp.mx\/wp-content\/uploads\/2023\/01\/10.jpg\u00bb title_text=\u00bb10&#8243; url=\u00bbhttps:\/\/trotec.itsp.mx\/index.php\/productos-medicion-de-temperatura\/\u00bb _builder_version=\u00bb4.19.5&#8243; _module_preset=\u00bbdefault\u00bb global_colors_info=\u00bb{}\u00bb][\/et_pb_image][\/et_pb_column][\/et_pb_row][et_pb_row column_structure=\u00bb1_3,1_3,1_3&#8243; _builder_version=\u00bb4.19.2&#8243; _module_preset=\u00bbdefault\u00bb global_colors_info=\u00bb{}\u00bb][et_pb_column type=\u00bb1_3&#8243; _builder_version=\u00bb4.19.2&#8243; _module_preset=\u00bbdefault\u00bb global_colors_info=\u00bb{}\u00bb][et_pb_image src=\u00bbhttps:\/\/trotec.itsp.mx\/wp-content\/uploads\/2023\/01\/8.jpg\u00bb title_text=\u00bb8&#8243; url=\u00bbhttps:\/\/trotec.itsp.mx\/index.php\/productos-medicion-de-humedad\/\u00bb _builder_version=\u00bb4.19.5&#8243; _module_preset=\u00bbdefault\u00bb global_colors_info=\u00bb{}\u00bb][\/et_pb_image][\/et_pb_column][et_pb_column type=\u00bb1_3&#8243; _builder_version=\u00bb4.19.2&#8243; _module_preset=\u00bbdefault\u00bb global_colors_info=\u00bb{}\u00bb][et_pb_image src=\u00bbhttps:\/\/trotec.itsp.mx\/wp-content\/uploads\/2023\/01\/6.jpg\u00bb title_text=\u00bb6&#8243; url=\u00bbhttps:\/\/trotec.itsp.mx\/index.php\/productos-medicion-de-distancias\/\u00bb _builder_version=\u00bb4.19.5&#8243; _module_preset=\u00bbdefault\u00bb global_colors_info=\u00bb{}\u00bb][\/et_pb_image][\/et_pb_column][et_pb_column type=\u00bb1_3&#8243; _builder_version=\u00bb4.19.2&#8243; _module_preset=\u00bbdefault\u00bb global_colors_info=\u00bb{}\u00bb][et_pb_image src=\u00bbhttps:\/\/trotec.itsp.mx\/wp-content\/uploads\/2023\/01\/4.jpg\u00bb title_text=\u00bb4&#8243; url=\u00bbhttps:\/\/trotec.itsp.mx\/index.php\/productos-medicion-de-datos-climaticos\/\u00bb _builder_version=\u00bb4.19.5&#8243; _module_preset=\u00bbdefault\u00bb global_colors_info=\u00bb{}\u00bb][\/et_pb_image][\/et_pb_column][\/et_pb_row][et_pb_row column_structure=\u00bb1_3,1_3,1_3&#8243; _builder_version=\u00bb4.19.2&#8243; _module_preset=\u00bbdefault\u00bb global_colors_info=\u00bb{}\u00bb][et_pb_column type=\u00bb1_3&#8243; _builder_version=\u00bb4.19.2&#8243; _module_preset=\u00bbdefault\u00bb global_colors_info=\u00bb{}\u00bb][et_pb_image src=\u00bbhttps:\/\/trotec.itsp.mx\/wp-content\/uploads\/2023\/01\/3.jpg\u00bb title_text=\u00bb3&#8243; url=\u00bbhttps:\/\/trotec.itsp.mx\/index.php\/productos-medicion-con-laser\/\u00bb _builder_version=\u00bb4.19.5&#8243; _module_preset=\u00bbdefault\u00bb global_colors_info=\u00bb{}\u00bb][\/et_pb_image][\/et_pb_column][et_pb_column type=\u00bb1_3&#8243; _builder_version=\u00bb4.19.2&#8243; _module_preset=\u00bbdefault\u00bb global_colors_info=\u00bb{}\u00bb][et_pb_image src=\u00bbhttps:\/\/trotec.itsp.mx\/wp-content\/uploads\/2023\/01\/5.jpg\u00bb title_text=\u00bb5&#8243; url=\u00bbhttps:\/\/trotec.itsp.mx\/index.php\/productos-inspeccion-visual\/\u00bb _builder_version=\u00bb4.19.5&#8243; _module_preset=\u00bbdefault\u00bb global_colors_info=\u00bb{}\u00bb][\/et_pb_image][\/et_pb_column][et_pb_column type=\u00bb1_3&#8243; _builder_version=\u00bb4.19.2&#8243; _module_preset=\u00bbdefault\u00bb global_colors_info=\u00bb{}\u00bb][et_pb_image src=\u00bbhttps:\/\/trotec.itsp.mx\/wp-content\/uploads\/2023\/01\/9.jpg\u00bb title_text=\u00bb9&#8243; url=\u00bbhttps:\/\/trotec.itsp.mx\/index.php\/productos-analisis-de-liquidos\/\u00bb _builder_version=\u00bb4.19.5&#8243; _module_preset=\u00bbdefault\u00bb global_colors_info=\u00bb{}\u00bb][\/et_pb_image][\/et_pb_column][\/et_pb_row][et_pb_row column_structure=\u00bb1_3,1_3,1_3&#8243; _builder_version=\u00bb4.19.2&#8243; _module_preset=\u00bbdefault\u00bb global_colors_info=\u00bb{}\u00bb][et_pb_column type=\u00bb1_3&#8243; _builder_version=\u00bb4.19.2&#8243; _module_preset=\u00bbdefault\u00bb global_colors_info=\u00bb{}\u00bb][et_pb_image src=\u00bbhttps:\/\/trotec.itsp.mx\/wp-content\/uploads\/2023\/01\/11.jpg\u00bb title_text=\u00bb11&#8243; url=\u00bbhttps:\/\/trotec.itsp.mx\/index.php\/productos-medicion-de-flujo-del-aire\/\u00bb _builder_version=\u00bb4.19.5&#8243; _module_preset=\u00bbdefault\u00bb global_colors_info=\u00bb{}\u00bb][\/et_pb_image][\/et_pb_column][et_pb_column type=\u00bb1_3&#8243; _builder_version=\u00bb4.19.2&#8243; _module_preset=\u00bbdefault\u00bb global_colors_info=\u00bb{}\u00bb][et_pb_image src=\u00bbhttps:\/\/trotec.itsp.mx\/wp-content\/uploads\/2023\/01\/12.jpg\u00bb title_text=\u00bb12&#8243; url=\u00bbhttps:\/\/trotec.itsp.mx\/index.php\/productos-medicion-de-emision-de-sonido\/\u00bb _builder_version=\u00bb4.19.5&#8243; _module_preset=\u00bbdefault\u00bb global_colors_info=\u00bb{}\u00bb][\/et_pb_image][\/et_pb_column][et_pb_column type=\u00bb1_3&#8243; _builder_version=\u00bb4.19.2&#8243; _module_preset=\u00bbdefault\u00bb global_colors_info=\u00bb{}\u00bb][et_pb_image src=\u00bbhttps:\/\/trotec.itsp.mx\/wp-content\/uploads\/2023\/01\/13.jpg\u00bb title_text=\u00bb13&#8243; url=\u00bbhttps:\/\/trotec.itsp.mx\/index.php\/productos-medicion-de-espesor-de-capa\/\u00bb _builder_version=\u00bb4.19.5&#8243; _module_preset=\u00bbdefault\u00bb global_colors_info=\u00bb{}\u00bb][\/et_pb_image][\/et_pb_column][\/et_pb_row][et_pb_row column_structure=\u00bb1_3,1_3,1_3&#8243; _builder_version=\u00bb4.19.2&#8243; _module_preset=\u00bbdefault\u00bb global_colors_info=\u00bb{}\u00bb][et_pb_column type=\u00bb1_3&#8243; _builder_version=\u00bb4.19.2&#8243; _module_preset=\u00bbdefault\u00bb global_colors_info=\u00bb{}\u00bb][et_pb_image src=\u00bbhttps:\/\/trotec.itsp.mx\/wp-content\/uploads\/2023\/01\/14.jpg\u00bb title_text=\u00bb14&#8243; url=\u00bbhttps:\/\/trotec.itsp.mx\/index.php\/productos-localizacion-y-deteccion\/\u00bb _builder_version=\u00bb4.19.5&#8243; _module_preset=\u00bbdefault\u00bb global_colors_info=\u00bb{}\u00bb][\/et_pb_image][\/et_pb_column][et_pb_column type=\u00bb1_3&#8243; _builder_version=\u00bb4.19.2&#8243; _module_preset=\u00bbdefault\u00bb global_colors_info=\u00bb{}\u00bb][et_pb_image src=\u00bbhttps:\/\/trotec.itsp.mx\/wp-content\/uploads\/2023\/01\/15.jpg\u00bb title_text=\u00bb15&#8243; url=\u00bbhttps:\/\/trotec.itsp.mx\/index.php\/productos-medicion-de-calidad-del-aire\/\u00bb _builder_version=\u00bb4.19.5&#8243; _module_preset=\u00bbdefault\u00bb global_colors_info=\u00bb{}\u00bb][\/et_pb_image][\/et_pb_column][et_pb_column type=\u00bb1_3&#8243; _builder_version=\u00bb4.19.2&#8243; _module_preset=\u00bbdefault\u00bb global_colors_info=\u00bb{}\u00bb][et_pb_image src=\u00bbhttps:\/\/trotec.itsp.mx\/wp-content\/uploads\/2023\/01\/7.jpg\u00bb title_text=\u00bb7&#8243; url=\u00bbhttps:\/\/trotec.itsp.mx\/index.php\/productos-appsensors\/\u00bb _builder_version=\u00bb4.19.5&#8243; _module_preset=\u00bbdefault\u00bb global_colors_info=\u00bb{}\u00bb][\/et_pb_image][\/et_pb_column][\/et_pb_row][\/et_pb_section][et_pb_section fb_built=\u00bb1&#8243; _builder_version=\u00bb4.19.5&#8243; _module_preset=\u00bbdefault\u00bb background_color=\u00bbrgba(237,240,0,0.08)\u00bb custom_padding=\u00bb25px||15px|||\u00bb box_shadow_style=\u00bbpreset1&#8243; global_colors_info=\u00bb{}\u00bb][et_pb_row column_structure=\u00bb1_3,2_3&#8243; _builder_version=\u00bb4.19.2&#8243; _module_preset=\u00bbdefault\u00bb width=\u00bb100%\u00bb global_colors_info=\u00bb{}\u00bb][et_pb_column type=\u00bb1_3&#8243; _builder_version=\u00bb4.19.2&#8243; _module_preset=\u00bbdefault\u00bb global_colors_info=\u00bb{}\u00bb][et_pb_text _builder_version=\u00bb4.19.5&#8243; _module_preset=\u00bbdefault\u00bb text_font=\u00bbCabin||||||||\u00bb text_text_color=\u00bb#383838&#8243; text_font_size=\u00bb16px\u00bb header_font_size=\u00bb31px\u00bb header_2_font=\u00bbEncode Sans||||||||\u00bb header_2_text_color=\u00bb#f4c700&#8243; header_2_font_size=\u00bb40px\u00bb custom_margin=\u00bb|-167px||1px||\u00bb custom_padding=\u00bb|||7px||\u00bb header_2_text_shadow_style=\u00bbpreset3&#8243; header_2_text_shadow_blur_strength=\u00bb2em\u00bb header_2_text_shadow_color=\u00bbrgba(0,10,0,0.38)\u00bb global_colors_info=\u00bb{}\u00bb]<\/p>\n<div class=\"csc-header csc-header-n1\">\n<h2 class=\"csc-firstHeader\"><span>Los instrumentos de medici\u00f3n de Trotec son modernos, precisos y sin l\u00edmites<\/span><\/h2>\n<\/div>\n<p>Tecnolog\u00eda de medici\u00f3n alemana que permite no solo resultados precisos y alta efectividad, sino que tambi\u00e9n busca la mayor comodidad del cliente logrando dise\u00f1os m\u00e1s compactos que los de la competencia.<\/p>\n<p>Productos de f\u00e1cil uso y tama\u00f1o bolsillo.<\/p>\n<p>&nbsp;<\/p>\n<p>[\/et_pb_text][et_pb_button button_url=\u00bbhttps:\/\/trotec.itsp.mx\/index.php\/menu\/\u00bb button_text=\u00bbConoce nuestros productos\u00bb button_alignment=\u00bbleft\u00bb _builder_version=\u00bb4.19.4&#8243; _module_preset=\u00bbdefault\u00bb custom_button=\u00bbon\u00bb button_text_color=\u00bb#000000&#8243; button_bg_color=\u00bb#fbe900&#8243; button_border_width=\u00bb0px\u00bb button_border_radius=\u00bb33px\u00bb button_font=\u00bbLato|700|||||||\u00bb button_icon=\u00bb&#xe07e;||divi||400&#8243; button_icon_color=\u00bb#000000&#8243; button_on_hover=\u00bboff\u00bb box_shadow_style=\u00bbpreset1&#8243; box_shadow_color=\u00bbRGBA(255,255,255,0)\u00bb global_colors_info=\u00bb{}\u00bb box_shadow_color__hover_enabled=\u00bbon|hover\u00bb box_shadow_color__hover=\u00bb#edef6b\u00bb button_text_size__hover_enabled=\u00bbon|hover\u00bb][\/et_pb_button][\/et_pb_column][et_pb_column type=\u00bb2_3&#8243; _builder_version=\u00bb4.19.2&#8243; _module_preset=\u00bbdefault\u00bb global_colors_info=\u00bb{}\u00bb][et_pb_image src=\u00bbhttps:\/\/trotec.itsp.mx\/wp-content\/uploads\/2022\/12\/Copia-de-Copia-de-Sin-titulo-2000-\u00d7-800-px-1500-\u00d7-800-px-1200-\u00d7-800-px-1000-\u00d7-800-px.png\u00bb title_text=\u00bbCopia de Copia de Sin t\u00edtulo (2000 \u00d7 800 px) (1500 \u00d7 800 px) (1200 \u00d7 800 px) (1000 \u00d7 800 px)\u00bb align=\u00bbcenter\u00bb _builder_version=\u00bb4.19.2&#8243; _module_preset=\u00bbdefault\u00bb width=\u00bb83%\u00bb custom_margin=\u00bb|||57px||\u00bb global_colors_info=\u00bb{}\u00bb][\/et_pb_image][\/et_pb_column][\/et_pb_row][\/et_pb_section][et_pb_section fb_built=\u00bb1&#8243; _builder_version=\u00bb4.19.5&#8243; _module_preset=\u00bbdefault\u00bb background_color=\u00bb#FFFFFF\u00bb use_background_color_gradient=\u00bbon\u00bb background_color_gradient_stops=\u00bbrgba(255,255,255,0.55) 0%|rgba(255,255,255,0.6) 99%\u00bb background_color_gradient_overlays_image=\u00bbon\u00bb background_enable_image=\u00bboff\u00bb parallax=\u00bbon\u00bb custom_padding=\u00bb74px||59px|||\u00bb global_colors_info=\u00bb{}\u00bb][et_pb_row column_structure=\u00bb1_2,1_2&#8243; _builder_version=\u00bb4.19.5&#8243; _module_preset=\u00bbdefault\u00bb global_colors_info=\u00bb{}\u00bb][et_pb_column type=\u00bb1_2&#8243; _builder_version=\u00bb4.19.5&#8243; _module_preset=\u00bbdefault\u00bb global_colors_info=\u00bb{}\u00bb][et_pb_image src=\u00bbhttps:\/\/trotec.itsp.mx\/wp-content\/uploads\/2022\/12\/ba30wp-ps-03-50b4.jpg\u00bb title_text=\u00bbba30wp-ps-03-50b4&#8243; _builder_version=\u00bb4.19.5&#8243; _module_preset=\u00bbdefault\u00bb width=\u00bb70%\u00bb module_alignment=\u00bbcenter\u00bb custom_margin=\u00bb-25px||||false|false\u00bb global_colors_info=\u00bb{}\u00bb][\/et_pb_image][\/et_pb_column][et_pb_column type=\u00bb1_2&#8243; _builder_version=\u00bb4.19.5&#8243; _module_preset=\u00bbdefault\u00bb global_colors_info=\u00bb{}\u00bb][et_pb_text _builder_version=\u00bb4.19.5&#8243; _module_preset=\u00bbdefault\u00bb header_2_font=\u00bbEncode Sans|600|||||||\u00bb header_2_text_color=\u00bb#545454&#8243; header_2_font_size=\u00bb46px\u00bb custom_margin=\u00bb||25px||false|false\u00bb custom_padding=\u00bb||0px|||\u00bb global_colors_info=\u00bb{}\u00bb]<\/p>\n<h2 style=\"text-align: center;\">AppSensors<\/h2>\n<p>[\/et_pb_text][et_pb_divider color=\u00bb#fbe900&#8243; divider_weight=\u00bb3px\u00bb _builder_version=\u00bb4.19.5&#8243; _module_preset=\u00bbdefault\u00bb width=\u00bb100%\u00bb module_alignment=\u00bbleft\u00bb custom_margin=\u00bb||-6px|||\u00bb custom_padding=\u00bb|0px||||\u00bb global_colors_info=\u00bb{}\u00bb][\/et_pb_divider][et_pb_text _builder_version=\u00bb4.19.5&#8243; _module_preset=\u00bbdefault\u00bb text_font=\u00bbCabin||||||||\u00bb text_text_color=\u00bb#141414&#8243; text_font_size=\u00bb19px\u00bb text_orientation=\u00bbcenter\u00bb width=\u00bb100%\u00bb custom_padding=\u00bb|5px||0px||\u00bb global_colors_info=\u00bb{}\u00bb]<\/p>\n<p>Conoce nuestra categor\u00eda de productos AppSensors que te brinda comodidad y la mejor de las tecnolog\u00edas, permitiendo al usuario controlar de forma precisa desde un tel\u00e9fono inteligente el an\u00e1lisis de datos y la operaci\u00f3n<\/p>\n<p>[\/et_pb_text][et_pb_button button_url=\u00bbhttps:\/\/trotec.itsp.mx\/index.php\/productos-appsensors\/\u00bb button_text=\u00bbVer productos\u00bb button_alignment=\u00bbcenter\u00bb _builder_version=\u00bb4.19.5&#8243; _module_preset=\u00bbdefault\u00bb custom_button=\u00bbon\u00bb button_text_color=\u00bb#000000&#8243; button_bg_color=\u00bb#fbe900&#8243; button_border_width=\u00bb0px\u00bb button_border_radius=\u00bb33px\u00bb button_font=\u00bbLato|700|||||||\u00bb button_icon=\u00bb&#xe07e;||divi||400&#8243; button_icon_color=\u00bb#000000&#8243; button_on_hover=\u00bboff\u00bb custom_padding=\u00bb|42px||||\u00bb box_shadow_style=\u00bbpreset1&#8243; box_shadow_color=\u00bbRGBA(255,255,255,0)\u00bb global_colors_info=\u00bb{}\u00bb box_shadow_color__hover_enabled=\u00bbon|hover\u00bb box_shadow_color__hover=\u00bb#edef6b\u00bb button_text_size__hover_enabled=\u00bbon|hover\u00bb][\/et_pb_button][\/et_pb_column][\/et_pb_row][\/et_pb_section]<\/p>\n","protected":false},"excerpt":{"rendered":"<p>Your content goes here. Edit or remove this text inline or in the module Content settings. You can also style every aspect of this content in the module Design settings and even apply custom CSS to this text in the module Advanced settings.Elige productos Trotec Esta marca con tecnolog\u00eda alemana proporciona soluciones sofisticadas a una [&hellip;]<\/p>\n","protected":false},"author":1,"featured_media":0,"parent":0,"menu_order":0,"comment_status":"closed","ping_status":"closed","template":"","meta":{"_et_pb_use_builder":"on","_et_pb_old_content":"","_et_gb_content_width":"","footnotes":""},"class_list":["post-10","page","type-page","status-publish","hentry"],"_links":{"self":[{"href":"https:\/\/trotec.itsp.mx\/index.php\/wp-json\/wp\/v2\/pages\/10","targetHints":{"allow":["GET"]}}],"collection":[{"href":"https:\/\/trotec.itsp.mx\/index.php\/wp-json\/wp\/v2\/pages"}],"about":[{"href":"https:\/\/trotec.itsp.mx\/index.php\/wp-json\/wp\/v2\/types\/page"}],"author":[{"embeddable":true,"href":"https:\/\/trotec.itsp.mx\/index.php\/wp-json\/wp\/v2\/users\/1"}],"replies":[{"embeddable":true,"href":"https:\/\/trotec.itsp.mx\/index.php\/wp-json\/wp\/v2\/comments?post=10"}],"version-history":[{"count":53,"href":"https:\/\/trotec.itsp.mx\/index.php\/wp-json\/wp\/v2\/pages\/10\/revisions"}],"predecessor-version":[{"id":508,"href":"https:\/\/trotec.itsp.mx\/index.php\/wp-json\/wp\/v2\/pages\/10\/revisions\/508"}],"wp:attachment":[{"href":"https:\/\/trotec.itsp.mx\/index.php\/wp-json\/wp\/v2\/media?parent=10"}],"curies":[{"name":"wp","href":"https:\/\/api.w.org\/{rel}","templated":true}]}}