{"id":163,"date":"2022-12-07T03:59:08","date_gmt":"2022-12-07T03:59:08","guid":{"rendered":"https:\/\/trotec.itsp.mx\/?page_id=163"},"modified":"2022-12-27T18:46:56","modified_gmt":"2022-12-27T18:46:56","slug":"productos-medicion-de-distancias","status":"publish","type":"page","link":"https:\/\/trotec.itsp.mx\/index.php\/productos-medicion-de-distancias\/","title":{"rendered":"Productos MEDICI\u00d3N DE DISTANCIAS"},"content":{"rendered":"<p>[et_pb_section fb_built=\u00bb1&#8243; _builder_version=\u00bb4.19.2&#8243; _module_preset=\u00bbdefault\u00bb use_background_color_gradient=\u00bbon\u00bb background_color_gradient_direction=\u00bb64deg\u00bb background_color_gradient_stops=\u00bbrgba(10,10,10,0.77) 3%|rgba(255,255,255,0.33) 100%\u00bb background_color_gradient_overlays_image=\u00bbon\u00bb background_image=\u00bbhttps:\/\/trotec.itsp.mx\/wp-content\/uploads\/2022\/12\/quick-measuring-with-laser-precision-8a36.jpg\u00bb custom_padding=\u00bb0px||38px|||\u00bb global_colors_info=\u00bb{}\u00bb][et_pb_row _builder_version=\u00bb4.19.2&#8243; _module_preset=\u00bbdefault\u00bb global_colors_info=\u00bb{}\u00bb][et_pb_column type=\u00bb4_4&#8243; _builder_version=\u00bb4.19.2&#8243; _module_preset=\u00bbdefault\u00bb global_colors_info=\u00bb{}\u00bb][et_pb_text _builder_version=\u00bb4.19.2&#8243; _module_preset=\u00bbdefault\u00bb text_font=\u00bbCabin||||||||\u00bb text_text_color=\u00bb#FFFFFF\u00bb text_font_size=\u00bb22px\u00bb header_font=\u00bbEncode Sans|700|||||||\u00bb header_text_color=\u00bb#fbe900&#8243; header_font_size=\u00bb45px\u00bb custom_margin=\u00bb22px|||||\u00bb custom_padding=\u00bb6px|||||\u00bb text_text_shadow_style=\u00bbpreset3&#8243; text_text_shadow_horizontal_length=\u00bb0.21em\u00bb text_text_shadow_vertical_length=\u00bb0.05em\u00bb text_text_shadow_blur_strength=\u00bb0.22em\u00bb text_text_shadow_color=\u00bbrgba(0,0,0,0.69)\u00bb header_text_shadow_style=\u00bbpreset3&#8243; header_text_shadow_horizontal_length=\u00bb0.21em\u00bb header_text_shadow_vertical_length=\u00bb-0.01em\u00bb header_text_shadow_blur_strength=\u00bb0.15em\u00bb header_text_shadow_color=\u00bbrgba(0,0,0,0.66)\u00bb global_colors_info=\u00bb{}\u00bb]<\/p>\n<h1 style=\"text-align: center;\"><\/h1>\n<h1 style=\"text-align: center;\"><\/h1>\n<h1 style=\"text-align: center;\">Medici\u00f3n de Distancias<\/h1>\n<p>&nbsp;<\/p>\n<div id=\"c2330416\" class=\"csc-default ctype-header\">\n<div id=\"c2360867\" class=\"csc-default ctype-header\">\n<p class=\"csc-subheader csc-subheader-0\" style=\"text-align: center;\"><span>Olv\u00eddate del metro plegable y la cinta m\u00e9trica.\u00a0Con un dispositivo de medici\u00f3n de distancia l\u00e1ser de Trotec puede determinar distancias, \u00e1reas y vol\u00famenes con solo presionar un bot\u00f3n.<\/span><\/p>\n<\/div>\n<div id=\"c2365082\" class=\"csc-default ctype-gridelements_pi1\">\n<div class=\"grid             \">\n<div class=\"column column-1    col-lg-6   \">\n<p><a id=\"c2365081\"><\/a><\/p>\n<div id=\"c2365043\" class=\"csc-default ctype-gridelements_pi1\">\n<div class=\"grid             \">\n<div class=\"column column-1    col-lg-4   \">\n<p><a id=\"c2365079\"><\/a><\/p>\n<div id=\"c2365044\" class=\"csc-default ctype-image\">\n<div class=\"csc-textpic csc-textpic-center csc-textpic-above\">\n<div class=\"csc-textpic-imagewrap\">\n<div class=\"csc-textpic-center-outer\">\n<div class=\"csc-textpic-center-inner\">\n<div class=\"csc-textpic-image csc-textpic-last\"><a href=\"https:\/\/uk.trotec.com\/images\/trotec-entfernung-messgeraete-4fad.jpg\" title=\"Medici\u00f3n r\u00e1pida con precisi\u00f3n l\u00e1ser\" class=\"lightbox\" rel=\"lightbox[2365044]\"><\/a><\/div>\n<\/div>\n<\/div>\n<\/div>\n<\/div>\n<\/div>\n<\/div>\n<\/div>\n<\/div>\n<\/div>\n<\/div>\n<\/div>\n<\/div>\n<div id=\"c2337771\" class=\"csc-default ctype-gridelements_pi1\">\n<div class=\"grid             \">\n<div class=\"column column-1    col-lg-6   \">\n<div id=\"c2337765\" class=\"csc-default ctype-image\">\n<div class=\"csc-textpic csc-textpic-center csc-textpic-above\">\n<div class=\"csc-textpic-imagewrap\">\n<div class=\"csc-textpic-center-outer\">\n<div class=\"csc-textpic-center-inner\">\n<div class=\"csc-textpic-image csc-textpic-last\"><\/div>\n<\/div>\n<\/div>\n<\/div>\n<\/div>\n<\/div>\n<\/div>\n<\/div>\n<\/div>\n<p>[\/et_pb_text][\/et_pb_column][\/et_pb_row][\/et_pb_section][et_pb_section fb_built=\u00bb1&#8243; _builder_version=\u00bb4.19.2&#8243; _module_preset=\u00bbdefault\u00bb global_colors_info=\u00bb{}\u00bb][et_pb_row column_structure=\u00bb1_4,1_4,1_4,1_4&#8243; _builder_version=\u00bb4.19.2&#8243; _module_preset=\u00bbdefault\u00bb global_colors_info=\u00bb{}\u00bb][et_pb_column type=\u00bb1_4&#8243; _builder_version=\u00bb4.19.2&#8243; _module_preset=\u00bbdefault\u00bb global_colors_info=\u00bb{}\u00bb][et_pb_blurb title=\u00bbMedidor de distancia BD21&#8243; image=\u00bbhttps:\/\/trotec.itsp.mx\/wp-content\/uploads\/2022\/12\/bd21-1846.jpg\u00bb _builder_version=\u00bb4.19.2&#8243; _module_preset=\u00bbdefault\u00bb header_level=\u00bbh2&#8243; header_font=\u00bbDays One||||||||\u00bb header_text_align=\u00bbleft\u00bb header_text_color=\u00bb#5d5d5d\u00bb header_font_size=\u00bb20px\u00bb body_font=\u00bbCabin||||||||\u00bb body_text_align=\u00bbleft\u00bb body_text_color=\u00bb#282828&#8243; body_font_size=\u00bb17px\u00bb border_width_all=\u00bb24px\u00bb border_color_all=\u00bbRGBA(255,255,255,0)\u00bb box_shadow_style=\u00bbpreset1&#8243; box_shadow_horizontal=\u00bb-15px\u00bb box_shadow_vertical=\u00bb16px\u00bb box_shadow_blur=\u00bb22px\u00bb box_shadow_spread=\u00bb-1px\u00bb global_colors_info=\u00bb{}\u00bb]<\/p>\n<div class=\"csc-header csc-header-n1\">\n<div id=\"c2575654\" class=\"csc-default ctype-header\">\n<div id=\"c2381498\" class=\"csc-default ctype-header\">\n<p class=\"csc-subheader csc-subheader-0\"><span>Cuenta con sensor de inclinaci\u00f3n de 90\u00b0, mide: distancia, \u00e1rea, volumen, altura y altura parcial, seguimiento de distancia, medici\u00f3n indirecta de distancia o altura m\u00e1s all\u00e1 de los obst\u00e1culos.<\/span><\/p>\n<\/div>\n<div class=\"image-content grid\">\n<div class=\"column column-1 col-md-6\">\n<div class=\"grid\">\n<div class=\"column column-1 col-md-4\">\n<div class=\"grid\">\n<div class=\"column\">\n<div class=\"csc-textpic\">\n<div class=\"csc-textpic-imagewrap\">\n<figure><\/figure>\n<\/div>\n<\/div>\n<\/div>\n<\/div>\n<\/div>\n<\/div>\n<\/div>\n<\/div>\n<\/div>\n<div class=\"image-content grid\">\n<div class=\"column column-1 col-md-6\">\n<div class=\"grid\">\n<div class=\"column column-1 col-md-4\">\n<div class=\"grid\">\n<div class=\"column\">\n<div class=\"csc-textpic\">\n<div class=\"csc-textpic-imagewrap\">\n<figure><\/figure>\n<\/div>\n<\/div>\n<\/div>\n<\/div>\n<\/div>\n<\/div>\n<\/div>\n<\/div>\n<\/div>\n<p>[\/et_pb_blurb][et_pb_button button_url=\u00bbhttps:\/\/wa.link\/l72adn\u00bb url_new_window=\u00bbon\u00bb button_text=\u00bbCotiza\u00bb button_alignment=\u00bbcenter\u00bb _builder_version=\u00bb4.19.4&#8243; _module_preset=\u00bbdefault\u00bb custom_button=\u00bbon\u00bb button_text_color=\u00bb#000000&#8243; button_bg_color=\u00bb#fbe900&#8243; button_border_width=\u00bb0px\u00bb button_border_radius=\u00bb33px\u00bb button_font=\u00bbLato|700|||||||\u00bb button_icon=\u00bb&#xf232;||fa||400&#8243; button_icon_color=\u00bb#000000&#8243; button_on_hover=\u00bboff\u00bb hover_enabled=\u00bb0&#8243; box_shadow_style=\u00bbpreset1&#8243; box_shadow_color=\u00bbRGBA(255,255,255,0)\u00bb global_colors_info=\u00bb{}\u00bb box_shadow_color__hover_enabled=\u00bbon|hover\u00bb box_shadow_color__hover=\u00bb#edef6b\u00bb button_text_size__hover_enabled=\u00bbon|hover\u00bb theme_builder_area=\u00bbpost_content\u00bb sticky_enabled=\u00bb0&#8243;][\/et_pb_button][\/et_pb_column][et_pb_column type=\u00bb1_4&#8243; _builder_version=\u00bb4.19.2&#8243; _module_preset=\u00bbdefault\u00bb global_colors_info=\u00bb{}\u00bb][et_pb_blurb title=\u00bbDispositivo de medici\u00f3n de distancia BD16&#8243; image=\u00bbhttps:\/\/trotec.itsp.mx\/wp-content\/uploads\/2022\/12\/bd16-f50f.jpg\u00bb _builder_version=\u00bb4.19.2&#8243; _module_preset=\u00bbdefault\u00bb header_level=\u00bbh2&#8243; header_font=\u00bbDays One||||||||\u00bb header_text_align=\u00bbleft\u00bb header_text_color=\u00bb#5d5d5d\u00bb header_font_size=\u00bb20px\u00bb body_font=\u00bbCabin||||||||\u00bb body_text_align=\u00bbleft\u00bb body_text_color=\u00bb#282828&#8243; body_font_size=\u00bb17px\u00bb border_width_all=\u00bb24px\u00bb border_color_all=\u00bbRGBA(255,255,255,0)\u00bb box_shadow_style=\u00bbpreset1&#8243; box_shadow_horizontal=\u00bb-15px\u00bb box_shadow_vertical=\u00bb16px\u00bb box_shadow_blur=\u00bb22px\u00bb box_shadow_spread=\u00bb-1px\u00bb global_colors_info=\u00bb{}\u00bb]<\/p>\n<div class=\"csc-header csc-header-n1\">\n<div id=\"c2575654\" class=\"csc-default ctype-header\">\n<div id=\"c2575874\" class=\"csc-default ctype-header\">\n<p class=\"csc-subheader csc-subheader-0\"><span>El BD16 determina las medidas exactas de distancias, \u00e1reas y vol\u00famenes sin el menor esfuerzo ya la velocidad de la luz. Alcance aproximado de 40 metros.<\/span><\/p>\n<\/div>\n<div class=\"image-content grid\">\n<div class=\"column column-1 col-md-6\">\n<div class=\"grid\">\n<div class=\"column column-1 col-md-4\">\n<div class=\"grid\">\n<div class=\"column\">\n<div class=\"csc-textpic\">\n<div class=\"csc-textpic-imagewrap\">\n<figure><\/figure>\n<\/div>\n<\/div>\n<\/div>\n<\/div>\n<\/div>\n<\/div>\n<\/div>\n<\/div>\n<\/div>\n<div class=\"image-content grid\">\n<div class=\"column column-1 col-md-6\">\n<div class=\"grid\">\n<div class=\"column column-1 col-md-4\">\n<div class=\"grid\">\n<div class=\"column\">\n<div class=\"csc-textpic\">\n<div class=\"csc-textpic-imagewrap\">\n<figure><\/figure>\n<\/div>\n<\/div>\n<\/div>\n<\/div>\n<\/div>\n<\/div>\n<\/div>\n<\/div>\n<\/div>\n<p>[\/et_pb_blurb][et_pb_button button_url=\u00bbhttps:\/\/wa.link\/ampb17&#8243; url_new_window=\u00bbon\u00bb button_text=\u00bbCotiza\u00bb button_alignment=\u00bbcenter\u00bb _builder_version=\u00bb4.19.4&#8243; _module_preset=\u00bbdefault\u00bb custom_button=\u00bbon\u00bb button_text_color=\u00bb#000000&#8243; button_bg_color=\u00bb#fbe900&#8243; button_border_width=\u00bb0px\u00bb button_border_radius=\u00bb33px\u00bb button_font=\u00bbLato|700|||||||\u00bb button_icon=\u00bb&#xf232;||fa||400&#8243; button_icon_color=\u00bb#000000&#8243; button_on_hover=\u00bboff\u00bb hover_enabled=\u00bb0&#8243; box_shadow_style=\u00bbpreset1&#8243; box_shadow_color=\u00bbRGBA(255,255,255,0)\u00bb global_colors_info=\u00bb{}\u00bb box_shadow_color__hover_enabled=\u00bbon|hover\u00bb box_shadow_color__hover=\u00bb#edef6b\u00bb button_text_size__hover_enabled=\u00bbon|hover\u00bb theme_builder_area=\u00bbpost_content\u00bb sticky_enabled=\u00bb0&#8243;][\/et_pb_button][\/et_pb_column][et_pb_column type=\u00bb1_4&#8243; _builder_version=\u00bb4.19.2&#8243; _module_preset=\u00bbdefault\u00bb global_colors_info=\u00bb{}\u00bb][et_pb_blurb title=\u00bbDispositivo de medici\u00f3n de distancia l\u00e1ser BD8M\u00bb image=\u00bbhttps:\/\/trotec.itsp.mx\/wp-content\/uploads\/2022\/12\/bd8m-cross-line-laser-46d6.jpg\u00bb image_icon_width=\u00bb92%\u00bb _builder_version=\u00bb4.19.2&#8243; _module_preset=\u00bbdefault\u00bb header_level=\u00bbh2&#8243; header_font=\u00bbDays One||||||||\u00bb header_text_align=\u00bbleft\u00bb header_text_color=\u00bb#5d5d5d\u00bb header_font_size=\u00bb20px\u00bb body_font=\u00bbCabin||||||||\u00bb body_text_align=\u00bbleft\u00bb body_text_color=\u00bb#282828&#8243; body_font_size=\u00bb17px\u00bb border_width_all=\u00bb24px\u00bb border_color_all=\u00bbRGBA(255,255,255,0)\u00bb border_width_bottom_image=\u00bb22px\u00bb border_color_bottom_image=\u00bbRGBA(255,255,255,0)\u00bb box_shadow_style=\u00bbpreset1&#8243; box_shadow_horizontal=\u00bb-15px\u00bb box_shadow_vertical=\u00bb16px\u00bb box_shadow_blur=\u00bb22px\u00bb box_shadow_spread=\u00bb-1px\u00bb global_colors_info=\u00bb{}\u00bb]<\/p>\n<div class=\"csc-header csc-header-n1\">\n<div id=\"c2575654\" class=\"csc-default ctype-header\">\n<div id=\"c2575874\" class=\"csc-default ctype-header\">\n<div id=\"c2576757\" class=\"csc-default ctype-header\">\n<div class=\"csc-header csc-header-n1\">\n<p class=\"csc-firstHeader\"><span>El BD8M combina la funci\u00f3n de tres instrumentos de medici\u00f3n: medidor de distancia l\u00e1ser, l\u00e1ser de l\u00edneas cruzadas, cinta m\u00e9trica.<\/span><\/p>\n<\/div>\n<\/div>\n<div class=\"image-content grid\">\n<div class=\"column column-1 col-md-6\">\n<div class=\"grid\">\n<div class=\"column column-1 col-md-4\">\n<div class=\"grid\">\n<div class=\"column\">\n<div class=\"csc-textpic\">\n<div class=\"csc-textpic-imagewrap\">\n<figure><\/figure>\n<\/div>\n<\/div>\n<\/div>\n<\/div>\n<\/div>\n<\/div>\n<\/div>\n<\/div>\n<\/div>\n<div class=\"image-content grid\">\n<div class=\"column column-1 col-md-6\">\n<div class=\"grid\">\n<div class=\"column column-1 col-md-4\">\n<div class=\"grid\">\n<div class=\"column\">\n<div class=\"csc-textpic\">\n<div class=\"csc-textpic-imagewrap\">\n<figure><\/figure>\n<\/div>\n<\/div>\n<\/div>\n<\/div>\n<\/div>\n<\/div>\n<\/div>\n<\/div>\n<\/div>\n<div class=\"image-content grid\">\n<div class=\"column column-1 col-md-6\">\n<div class=\"grid\">\n<div class=\"column column-1 col-md-4\">\n<div class=\"grid\">\n<div class=\"column\">\n<div class=\"csc-textpic\">\n<div class=\"csc-textpic-imagewrap\">\n<figure><\/figure>\n<\/div>\n<\/div>\n<\/div>\n<\/div>\n<\/div>\n<\/div>\n<\/div>\n<\/div>\n<\/div>\n<p>[\/et_pb_blurb][et_pb_button button_url=\u00bbhttps:\/\/wa.link\/7chns0&#8243; url_new_window=\u00bbon\u00bb button_text=\u00bbCotiza\u00bb button_alignment=\u00bbcenter\u00bb _builder_version=\u00bb4.19.4&#8243; _module_preset=\u00bbdefault\u00bb custom_button=\u00bbon\u00bb button_text_color=\u00bb#000000&#8243; button_bg_color=\u00bb#fbe900&#8243; button_border_width=\u00bb0px\u00bb button_border_radius=\u00bb33px\u00bb button_font=\u00bbLato|700|||||||\u00bb button_icon=\u00bb&#xf232;||fa||400&#8243; button_icon_color=\u00bb#000000&#8243; button_on_hover=\u00bboff\u00bb hover_enabled=\u00bb0&#8243; box_shadow_style=\u00bbpreset1&#8243; box_shadow_color=\u00bbRGBA(255,255,255,0)\u00bb global_colors_info=\u00bb{}\u00bb box_shadow_color__hover_enabled=\u00bbon|hover\u00bb box_shadow_color__hover=\u00bb#edef6b\u00bb button_text_size__hover_enabled=\u00bbon|hover\u00bb theme_builder_area=\u00bbpost_content\u00bb sticky_enabled=\u00bb0&#8243;][\/et_pb_button][\/et_pb_column][et_pb_column type=\u00bb1_4&#8243; _builder_version=\u00bb4.19.2&#8243; _module_preset=\u00bbdefault\u00bb global_colors_info=\u00bb{}\u00bb][et_pb_blurb title=\u00bbMedidor de distancia BD11&#8243; image=\u00bbhttps:\/\/trotec.itsp.mx\/wp-content\/uploads\/2022\/12\/bd11-f597.jpg\u00bb _builder_version=\u00bb4.19.2&#8243; _module_preset=\u00bbdefault\u00bb header_level=\u00bbh2&#8243; header_font=\u00bbDays One||||||||\u00bb header_text_align=\u00bbleft\u00bb header_text_color=\u00bb#5d5d5d\u00bb header_font_size=\u00bb20px\u00bb body_font=\u00bbCabin||||||||\u00bb body_text_align=\u00bbleft\u00bb body_text_color=\u00bb#282828&#8243; body_font_size=\u00bb17px\u00bb custom_margin=\u00bb||29px|||\u00bb border_width_all=\u00bb24px\u00bb border_color_all=\u00bbRGBA(255,255,255,0)\u00bb border_color_bottom_image=\u00bbRGBA(255,255,255,0)\u00bb box_shadow_style=\u00bbpreset1&#8243; box_shadow_horizontal=\u00bb-15px\u00bb box_shadow_vertical=\u00bb16px\u00bb box_shadow_blur=\u00bb22px\u00bb box_shadow_spread=\u00bb-1px\u00bb global_colors_info=\u00bb{}\u00bb]<\/p>\n<div class=\"csc-header csc-header-n1\">\n<div id=\"c2575654\" class=\"csc-default ctype-header\">\n<div id=\"c2575874\" class=\"csc-default ctype-header\">\n<div id=\"c2576757\" class=\"csc-default ctype-header\">\n<div id=\"c2572944\" class=\"csc-default ctype-header\">\n<p class=\"bodytext\"><span>A pesar de su peque\u00f1o tama\u00f1o, el dispositivo BD11 viene equipado con todo lo que un distanci\u00f3metro podr\u00eda necesitar: medici\u00f3n l\u00e1ser de distancias, \u00e1reas y vol\u00famenes, operaci\u00f3n simple e intuitiva.<\/span><\/p>\n<\/div>\n<div class=\"image-content grid\">\n<div class=\"column column-1 col-md-6\">\n<div class=\"grid\">\n<div class=\"column column-1 col-md-4\">\n<div class=\"grid\">\n<div class=\"column\">\n<div class=\"csc-textpic\">\n<div class=\"csc-textpic-imagewrap\">\n<figure><\/figure>\n<\/div>\n<\/div>\n<\/div>\n<\/div>\n<\/div>\n<\/div>\n<\/div>\n<\/div>\n<\/div>\n<div class=\"image-content grid\">\n<div class=\"column column-1 col-md-6\">\n<div class=\"grid\">\n<div class=\"column column-1 col-md-4\">\n<div class=\"grid\">\n<div class=\"column\">\n<div class=\"csc-textpic\">\n<div class=\"csc-textpic-imagewrap\">\n<figure><\/figure>\n<\/div>\n<\/div>\n<\/div>\n<\/div>\n<\/div>\n<\/div>\n<\/div>\n<\/div>\n<\/div>\n<div class=\"image-content grid\">\n<div class=\"column column-1 col-md-6\">\n<div class=\"grid\">\n<div class=\"column column-1 col-md-4\">\n<div class=\"grid\">\n<div class=\"column\">\n<div class=\"csc-textpic\">\n<div class=\"csc-textpic-imagewrap\">\n<figure><\/figure>\n<\/div>\n<\/div>\n<\/div>\n<\/div>\n<\/div>\n<\/div>\n<\/div>\n<\/div>\n<\/div>\n<div class=\"image-content grid\">\n<div class=\"column column-1 col-md-6\">\n<div class=\"grid\">\n<div class=\"column column-1 col-md-4\">\n<div class=\"grid\">\n<div class=\"column\">\n<div class=\"csc-textpic\">\n<div class=\"csc-textpic-imagewrap\">\n<figure><\/figure>\n<\/div>\n<\/div>\n<\/div>\n<\/div>\n<\/div>\n<\/div>\n<\/div>\n<\/div>\n<\/div>\n<p>[\/et_pb_blurb][et_pb_button button_url=\u00bbhttps:\/\/wa.link\/rh5fzy\u00bb url_new_window=\u00bbon\u00bb button_text=\u00bbCotiza\u00bb button_alignment=\u00bbcenter\u00bb _builder_version=\u00bb4.19.4&#8243; _module_preset=\u00bbdefault\u00bb custom_button=\u00bbon\u00bb button_text_color=\u00bb#000000&#8243; button_bg_color=\u00bb#fbe900&#8243; button_border_width=\u00bb0px\u00bb button_border_radius=\u00bb33px\u00bb button_font=\u00bbLato|700|||||||\u00bb button_icon=\u00bb&#xf232;||fa||400&#8243; button_icon_color=\u00bb#000000&#8243; button_on_hover=\u00bboff\u00bb hover_enabled=\u00bb0&#8243; box_shadow_style=\u00bbpreset1&#8243; box_shadow_color=\u00bbRGBA(255,255,255,0)\u00bb global_colors_info=\u00bb{}\u00bb box_shadow_color__hover_enabled=\u00bbon|hover\u00bb box_shadow_color__hover=\u00bb#edef6b\u00bb button_text_size__hover_enabled=\u00bbon|hover\u00bb theme_builder_area=\u00bbpost_content\u00bb sticky_enabled=\u00bb0&#8243;][\/et_pb_button][\/et_pb_column][\/et_pb_row][et_pb_row column_structure=\u00bb1_4,1_4,1_4,1_4&#8243; _builder_version=\u00bb4.19.2&#8243; _module_preset=\u00bbdefault\u00bb global_colors_info=\u00bb{}\u00bb][et_pb_column type=\u00bb1_4&#8243; _builder_version=\u00bb4.19.2&#8243; _module_preset=\u00bbdefault\u00bb global_colors_info=\u00bb{}\u00bb][et_pb_blurb title=\u00bbDispositivo de medici\u00f3n de distancia BD16&#8243; image=\u00bbhttps:\/\/trotec.itsp.mx\/wp-content\/uploads\/2022\/12\/header-trotec-by10-ed4b.jpg\u00bb _builder_version=\u00bb4.19.2&#8243; _module_preset=\u00bbdefault\u00bb header_level=\u00bbh2&#8243; header_font=\u00bbDays One||||||||\u00bb header_text_align=\u00bbleft\u00bb header_text_color=\u00bb#5d5d5d\u00bb header_font_size=\u00bb20px\u00bb body_font=\u00bbCabin||||||||\u00bb body_text_align=\u00bbleft\u00bb body_text_color=\u00bb#282828&#8243; body_font_size=\u00bb17px\u00bb border_width_all=\u00bb24px\u00bb border_color_all=\u00bbRGBA(255,255,255,0)\u00bb box_shadow_style=\u00bbpreset1&#8243; box_shadow_horizontal=\u00bb-15px\u00bb box_shadow_vertical=\u00bb16px\u00bb box_shadow_blur=\u00bb22px\u00bb box_shadow_spread=\u00bb-1px\u00bb global_colors_info=\u00bb{}\u00bb]<\/p>\n<div class=\"csc-header csc-header-n1\">\n<p class=\"csc-firstHeader\"><span>El BD16 determina las medidas exactas de distancias, \u00e1reas y vol\u00famenes sin el menor esfuerzo ya la velocidad de la luz. Alcance aproximado de 40 metros.<\/span><\/p>\n<\/div>\n<p>[\/et_pb_blurb][et_pb_button button_url=\u00bbhttps:\/\/wa.link\/zsj6w9&#8243; url_new_window=\u00bbon\u00bb button_text=\u00bbCotiza\u00bb button_alignment=\u00bbcenter\u00bb _builder_version=\u00bb4.19.4&#8243; _module_preset=\u00bbdefault\u00bb custom_button=\u00bbon\u00bb button_text_color=\u00bb#000000&#8243; button_bg_color=\u00bb#fbe900&#8243; button_border_width=\u00bb0px\u00bb button_border_radius=\u00bb33px\u00bb button_font=\u00bbLato|700|||||||\u00bb button_icon=\u00bb&#xf232;||fa||400&#8243; button_icon_color=\u00bb#000000&#8243; button_on_hover=\u00bboff\u00bb hover_enabled=\u00bb0&#8243; box_shadow_style=\u00bbpreset1&#8243; box_shadow_color=\u00bbRGBA(255,255,255,0)\u00bb global_colors_info=\u00bb{}\u00bb box_shadow_color__hover_enabled=\u00bbon|hover\u00bb box_shadow_color__hover=\u00bb#edef6b\u00bb button_text_size__hover_enabled=\u00bbon|hover\u00bb theme_builder_area=\u00bbpost_content\u00bb sticky_enabled=\u00bb0&#8243;][\/et_pb_button][\/et_pb_column][et_pb_column type=\u00bb1_4&#8243; _builder_version=\u00bb4.19.2&#8243; _module_preset=\u00bbdefault\u00bb global_colors_info=\u00bb{}\u00bb][\/et_pb_column][et_pb_column type=\u00bb1_4&#8243; _builder_version=\u00bb4.19.2&#8243; _module_preset=\u00bbdefault\u00bb global_colors_info=\u00bb{}\u00bb][\/et_pb_column][et_pb_column type=\u00bb1_4&#8243; _builder_version=\u00bb4.19.2&#8243; _module_preset=\u00bbdefault\u00bb global_colors_info=\u00bb{}\u00bb][\/et_pb_column][\/et_pb_row][\/et_pb_section]<\/p>\n","protected":false},"excerpt":{"rendered":"<p>Medici\u00f3n de Distancias &nbsp; Olv\u00eddate del metro plegable y la cinta m\u00e9trica.\u00a0Con un dispositivo de medici\u00f3n de distancia l\u00e1ser de Trotec puede determinar distancias, \u00e1reas y vol\u00famenes con solo presionar un bot\u00f3n. Cuenta con sensor de inclinaci\u00f3n de 90\u00b0, mide: distancia, \u00e1rea, volumen, altura y altura parcial, seguimiento de distancia, medici\u00f3n indirecta de distancia o [&hellip;]<\/p>\n","protected":false},"author":1,"featured_media":0,"parent":0,"menu_order":0,"comment_status":"closed","ping_status":"closed","template":"","meta":{"_et_pb_use_builder":"on","_et_pb_old_content":"<!-- wp:divi\/placeholder \/-->","_et_gb_content_width":"","footnotes":""},"class_list":["post-163","page","type-page","status-publish","hentry"],"_links":{"self":[{"href":"https:\/\/trotec.itsp.mx\/index.php\/wp-json\/wp\/v2\/pages\/163","targetHints":{"allow":["GET"]}}],"collection":[{"href":"https:\/\/trotec.itsp.mx\/index.php\/wp-json\/wp\/v2\/pages"}],"about":[{"href":"https:\/\/trotec.itsp.mx\/index.php\/wp-json\/wp\/v2\/types\/page"}],"author":[{"embeddable":true,"href":"https:\/\/trotec.itsp.mx\/index.php\/wp-json\/wp\/v2\/users\/1"}],"replies":[{"embeddable":true,"href":"https:\/\/trotec.itsp.mx\/index.php\/wp-json\/wp\/v2\/comments?post=163"}],"version-history":[{"count":5,"href":"https:\/\/trotec.itsp.mx\/index.php\/wp-json\/wp\/v2\/pages\/163\/revisions"}],"predecessor-version":[{"id":433,"href":"https:\/\/trotec.itsp.mx\/index.php\/wp-json\/wp\/v2\/pages\/163\/revisions\/433"}],"wp:attachment":[{"href":"https:\/\/trotec.itsp.mx\/index.php\/wp-json\/wp\/v2\/media?parent=163"}],"curies":[{"name":"wp","href":"https:\/\/api.w.org\/{rel}","templated":true}]}}