{"id":209,"date":"2022-12-08T04:44:26","date_gmt":"2022-12-08T04:44:26","guid":{"rendered":"https:\/\/trotec.itsp.mx\/?page_id=209"},"modified":"2022-12-28T21:04:58","modified_gmt":"2022-12-28T21:04:58","slug":"productos-inspeccion-visual","status":"publish","type":"page","link":"https:\/\/trotec.itsp.mx\/index.php\/productos-inspeccion-visual\/","title":{"rendered":"Productos INSPECCI\u00d3N VISUAL"},"content":{"rendered":"<p>[et_pb_section fb_built=\u00bb1&#8243; _builder_version=\u00bb4.19.2&#8243; _module_preset=\u00bbdefault\u00bb use_background_color_gradient=\u00bbon\u00bb background_color_gradient_direction=\u00bb64deg\u00bb background_color_gradient_stops=\u00bbrgba(10,10,10,0.77) 3%|rgba(255,255,255,0.33) 100%\u00bb background_color_gradient_overlays_image=\u00bbon\u00bb background_image=\u00bbhttps:\/\/trotec.itsp.mx\/wp-content\/uploads\/2022\/12\/bo21-videoscope-2633.jpg\u00bb custom_padding=\u00bb0px||38px|||\u00bb global_colors_info=\u00bb{}\u00bb][et_pb_row _builder_version=\u00bb4.19.2&#8243; _module_preset=\u00bbdefault\u00bb global_colors_info=\u00bb{}\u00bb][et_pb_column type=\u00bb4_4&#8243; _builder_version=\u00bb4.19.2&#8243; _module_preset=\u00bbdefault\u00bb global_colors_info=\u00bb{}\u00bb][et_pb_text _builder_version=\u00bb4.19.2&#8243; _module_preset=\u00bbdefault\u00bb text_font=\u00bbCabin||||||||\u00bb text_text_color=\u00bb#FFFFFF\u00bb text_font_size=\u00bb22px\u00bb header_font=\u00bbEncode Sans|700|||||||\u00bb header_text_color=\u00bb#fbe900&#8243; header_font_size=\u00bb45px\u00bb custom_margin=\u00bb22px|||||\u00bb custom_padding=\u00bb6px|||||\u00bb text_text_shadow_style=\u00bbpreset3&#8243; text_text_shadow_horizontal_length=\u00bb0.21em\u00bb text_text_shadow_vertical_length=\u00bb0.05em\u00bb text_text_shadow_blur_strength=\u00bb0.22em\u00bb text_text_shadow_color=\u00bbrgba(0,0,0,0.69)\u00bb header_text_shadow_style=\u00bbpreset3&#8243; header_text_shadow_horizontal_length=\u00bb0.21em\u00bb header_text_shadow_vertical_length=\u00bb-0.01em\u00bb header_text_shadow_blur_strength=\u00bb0.15em\u00bb header_text_shadow_color=\u00bbrgba(0,0,0,0.66)\u00bb global_colors_info=\u00bb{}\u00bb]<\/p>\n<h1 style=\"text-align: center;\"><\/h1>\n<h1 style=\"text-align: center;\"><\/h1>\n<h1 style=\"text-align: center;\">Inspecci\u00f3n visual<\/h1>\n<p>&nbsp;<\/p>\n<div id=\"c2330416\" class=\"csc-default ctype-header\">\n<p class=\"csc-subheader csc-subheader-0\" style=\"text-align: center;\"><span style=\"font-size: 22px; text-align: left;\"><span>Para el an\u00e1lisis de da\u00f1os o en la documentaci\u00f3n de condiciones en plantas industriales, m\u00e1quinas, motores o cavidades, los profesionales no dejan nada al azar y conf\u00edan en sistemas profesionales f\u00e1ciles de usar. En cualquier parte del mundo, se utilizan nuestros sistemas de inspecci\u00f3n robustas, precisas y pr\u00e1cticas de Trotec.<\/span> <\/span><\/p>\n<\/div>\n<div id=\"c2337771\" class=\"csc-default ctype-gridelements_pi1\">\n<div class=\"grid             \">\n<div class=\"column column-1    col-lg-6   \">\n<div id=\"c2337765\" class=\"csc-default ctype-image\">\n<div class=\"csc-textpic csc-textpic-center csc-textpic-above\">\n<div class=\"csc-textpic-imagewrap\">\n<div class=\"csc-textpic-center-outer\">\n<div class=\"csc-textpic-center-inner\">\n<div class=\"csc-textpic-image csc-textpic-last\"><\/div>\n<\/div>\n<\/div>\n<\/div>\n<\/div>\n<\/div>\n<\/div>\n<\/div>\n<\/div>\n<p>[\/et_pb_text][\/et_pb_column][\/et_pb_row][\/et_pb_section][et_pb_section fb_built=\u00bb1&#8243; _builder_version=\u00bb4.19.2&#8243; _module_preset=\u00bbdefault\u00bb global_colors_info=\u00bb{}\u00bb][et_pb_row column_structure=\u00bb1_4,1_4,1_4,1_4&#8243; _builder_version=\u00bb4.19.2&#8243; _module_preset=\u00bbdefault\u00bb global_colors_info=\u00bb{}\u00bb][et_pb_column type=\u00bb1_4&#8243; _builder_version=\u00bb4.19.2&#8243; _module_preset=\u00bbdefault\u00bb global_colors_info=\u00bb{}\u00bb][et_pb_blurb title=\u00bbVideoscopio BO21&#8243; image=\u00bbhttps:\/\/trotec.itsp.mx\/wp-content\/uploads\/2022\/12\/bo21-f8c3.jpg\u00bb _builder_version=\u00bb4.19.2&#8243; _module_preset=\u00bbdefault\u00bb header_level=\u00bbh2&#8243; header_font=\u00bbDays One||||||||\u00bb header_text_align=\u00bbleft\u00bb header_text_color=\u00bb#5d5d5d\u00bb header_font_size=\u00bb20px\u00bb body_font=\u00bbCabin||||||||\u00bb body_text_align=\u00bbleft\u00bb body_text_color=\u00bb#282828&#8243; body_font_size=\u00bb17px\u00bb border_width_all=\u00bb24px\u00bb border_color_all=\u00bbRGBA(255,255,255,0)\u00bb box_shadow_style=\u00bbpreset1&#8243; box_shadow_horizontal=\u00bb-15px\u00bb box_shadow_vertical=\u00bb16px\u00bb box_shadow_blur=\u00bb22px\u00bb box_shadow_spread=\u00bb-1px\u00bb global_colors_info=\u00bb{}\u00bb]<\/p>\n<div class=\"csc-header csc-header-n1\">\n<div id=\"c2575654\" class=\"csc-default ctype-header\">\n<p class=\"csc-subheader csc-subheader-0\"><span>Inspecciones visuales endosc\u00f3picas r\u00e1pidas en \u00e1reas de dif\u00edcil acceso. La potente iluminaci\u00f3n LED\u00a0 permite im\u00e1genes claras en cada situaci\u00f3n, que se muestran en la pantalla LCD a color con un brillo excelente.<\/span><\/p>\n<\/div>\n<div class=\"image-content grid\">\n<div class=\"column column-1 col-md-6\">\n<div class=\"grid\">\n<div class=\"column column-1 col-md-4\">\n<div class=\"grid\">\n<div class=\"column\">\n<div class=\"csc-textpic\">\n<div class=\"csc-textpic-imagewrap\">\n<figure><\/figure>\n<\/div>\n<\/div>\n<\/div>\n<\/div>\n<\/div>\n<\/div>\n<\/div>\n<\/div>\n<\/div>\n<p>[\/et_pb_blurb][et_pb_button button_url=\u00bbhttps:\/\/wa.link\/ft4ybz\u00bb url_new_window=\u00bbon\u00bb button_text=\u00bbCotiza\u00bb button_alignment=\u00bbcenter\u00bb _builder_version=\u00bb4.19.4&#8243; _module_preset=\u00bbdefault\u00bb custom_button=\u00bbon\u00bb button_text_color=\u00bb#000000&#8243; button_bg_color=\u00bb#fbe900&#8243; button_border_width=\u00bb0px\u00bb button_border_radius=\u00bb33px\u00bb button_font=\u00bbLato|700|||||||\u00bb button_icon=\u00bb&#xf232;||fa||400&#8243; button_icon_color=\u00bb#000000&#8243; button_on_hover=\u00bboff\u00bb hover_enabled=\u00bb0&#8243; box_shadow_style=\u00bbpreset1&#8243; box_shadow_color=\u00bbRGBA(255,255,255,0)\u00bb global_colors_info=\u00bb{}\u00bb box_shadow_color__hover_enabled=\u00bbon|hover\u00bb box_shadow_color__hover=\u00bb#edef6b\u00bb button_text_size__hover_enabled=\u00bbon|hover\u00bb theme_builder_area=\u00bbpost_content\u00bb sticky_enabled=\u00bb0&#8243;][\/et_pb_button][\/et_pb_column][et_pb_column type=\u00bb1_4&#8243; _builder_version=\u00bb4.19.2&#8243; _module_preset=\u00bbdefault\u00bb global_colors_info=\u00bb{}\u00bb][\/et_pb_column][et_pb_column type=\u00bb1_4&#8243; _builder_version=\u00bb4.19.2&#8243; _module_preset=\u00bbdefault\u00bb global_colors_info=\u00bb{}\u00bb][\/et_pb_column][et_pb_column type=\u00bb1_4&#8243; _builder_version=\u00bb4.19.2&#8243; _module_preset=\u00bbdefault\u00bb global_colors_info=\u00bb{}\u00bb][\/et_pb_column][\/et_pb_row][\/et_pb_section]<\/p>\n","protected":false},"excerpt":{"rendered":"<p>Inspecci\u00f3n visual &nbsp; Para el an\u00e1lisis de da\u00f1os o en la documentaci\u00f3n de condiciones en plantas industriales, m\u00e1quinas, motores o cavidades, los profesionales no dejan nada al azar y conf\u00edan en sistemas profesionales f\u00e1ciles de usar. En cualquier parte del mundo, se utilizan nuestros sistemas de inspecci\u00f3n robustas, precisas y pr\u00e1cticas de Trotec. Inspecciones visuales [&hellip;]<\/p>\n","protected":false},"author":1,"featured_media":0,"parent":0,"menu_order":0,"comment_status":"closed","ping_status":"closed","template":"","meta":{"_et_pb_use_builder":"on","_et_pb_old_content":"<!-- wp:divi\/placeholder \/-->","_et_gb_content_width":"","footnotes":""},"class_list":["post-209","page","type-page","status-publish","hentry"],"_links":{"self":[{"href":"https:\/\/trotec.itsp.mx\/index.php\/wp-json\/wp\/v2\/pages\/209","targetHints":{"allow":["GET"]}}],"collection":[{"href":"https:\/\/trotec.itsp.mx\/index.php\/wp-json\/wp\/v2\/pages"}],"about":[{"href":"https:\/\/trotec.itsp.mx\/index.php\/wp-json\/wp\/v2\/types\/page"}],"author":[{"embeddable":true,"href":"https:\/\/trotec.itsp.mx\/index.php\/wp-json\/wp\/v2\/users\/1"}],"replies":[{"embeddable":true,"href":"https:\/\/trotec.itsp.mx\/index.php\/wp-json\/wp\/v2\/comments?post=209"}],"version-history":[{"count":6,"href":"https:\/\/trotec.itsp.mx\/index.php\/wp-json\/wp\/v2\/pages\/209\/revisions"}],"predecessor-version":[{"id":440,"href":"https:\/\/trotec.itsp.mx\/index.php\/wp-json\/wp\/v2\/pages\/209\/revisions\/440"}],"wp:attachment":[{"href":"https:\/\/trotec.itsp.mx\/index.php\/wp-json\/wp\/v2\/media?parent=209"}],"curies":[{"name":"wp","href":"https:\/\/api.w.org\/{rel}","templated":true}]}}