{"id":276,"date":"2022-12-13T02:28:23","date_gmt":"2022-12-13T02:28:23","guid":{"rendered":"https:\/\/trotec.itsp.mx\/?page_id=276"},"modified":"2022-12-28T21:42:44","modified_gmt":"2022-12-28T21:42:44","slug":"productos-medicion-de-calidad-del-aire","status":"publish","type":"page","link":"https:\/\/trotec.itsp.mx\/index.php\/productos-medicion-de-calidad-del-aire\/","title":{"rendered":"Productos MEDICI\u00d3N DE CALIDAD DEL AIRE"},"content":{"rendered":"<p>[et_pb_section fb_built=\u00bb1&#8243; _builder_version=\u00bb4.19.2&#8243; _module_preset=\u00bbdefault\u00bb use_background_color_gradient=\u00bbon\u00bb background_color_gradient_direction=\u00bb64deg\u00bb background_color_gradient_stops=\u00bbrgba(10,10,10,0.77) 3%|rgba(255,255,255,0.33) 100%\u00bb background_color_gradient_overlays_image=\u00bbon\u00bb background_image=\u00bbhttps:\/\/trotec.itsp.mx\/wp-content\/uploads\/2022\/12\/measuring-and-logging-air-quality-with-trotec-measuring-instruments-66ce.jpg\u00bb custom_padding=\u00bb0px||38px|||\u00bb global_colors_info=\u00bb{}\u00bb][et_pb_row _builder_version=\u00bb4.19.2&#8243; _module_preset=\u00bbdefault\u00bb global_colors_info=\u00bb{}\u00bb][et_pb_column type=\u00bb4_4&#8243; _builder_version=\u00bb4.19.2&#8243; _module_preset=\u00bbdefault\u00bb global_colors_info=\u00bb{}\u00bb][et_pb_text _builder_version=\u00bb4.19.2&#8243; _module_preset=\u00bbdefault\u00bb text_font=\u00bbCabin||||||||\u00bb text_text_color=\u00bb#FFFFFF\u00bb text_font_size=\u00bb22px\u00bb header_font=\u00bbEncode Sans|700|||||||\u00bb header_text_color=\u00bb#fbe900&#8243; header_font_size=\u00bb45px\u00bb custom_margin=\u00bb22px|||||\u00bb custom_padding=\u00bb6px|||||\u00bb text_text_shadow_style=\u00bbpreset3&#8243; text_text_shadow_horizontal_length=\u00bb0.21em\u00bb text_text_shadow_vertical_length=\u00bb0.05em\u00bb text_text_shadow_blur_strength=\u00bb0.22em\u00bb text_text_shadow_color=\u00bbrgba(0,0,0,0.69)\u00bb header_text_shadow_style=\u00bbpreset3&#8243; header_text_shadow_horizontal_length=\u00bb0.21em\u00bb header_text_shadow_vertical_length=\u00bb-0.01em\u00bb header_text_shadow_blur_strength=\u00bb0.15em\u00bb header_text_shadow_color=\u00bbrgba(0,0,0,0.66)\u00bb global_colors_info=\u00bb{}\u00bb]<\/p>\n<h1 style=\"text-align: center;\"><\/h1>\n<h1 style=\"text-align: center;\"><\/h1>\n<h1 style=\"text-align: center;\">Medici\u00f3n de Calidad del aire<\/h1>\n<div id=\"c2330416\" class=\"csc-default ctype-header\">\n<p class=\"bodytext\" style=\"text-align: center;\"><span>Cuando se trata de medir la calidad del aire y mantener los resultados medidos registrados a largo plazo, Trotec suministra los instrumentos de medici\u00f3n necesarios. Trotec ofrece una gran cantidad de registradores de datos clim\u00e1ticos para el registro a largo plazo de datos clim\u00e1ticos, tanto soluciones m\u00f3viles como estacionarias.\u00a0<\/span><\/p>\n<\/div>\n<div id=\"c2337771\" class=\"csc-default ctype-gridelements_pi1\">\n<div class=\"grid             \">\n<div class=\"column column-1    col-lg-6   \">\n<div id=\"c2337765\" class=\"csc-default ctype-image\">\n<div class=\"csc-textpic csc-textpic-center csc-textpic-above\">\n<div class=\"csc-textpic-imagewrap\">\n<div class=\"csc-textpic-center-outer\">\n<div class=\"csc-textpic-center-inner\">\n<div class=\"csc-textpic-image csc-textpic-last\"><\/div>\n<\/div>\n<\/div>\n<\/div>\n<\/div>\n<\/div>\n<\/div>\n<\/div>\n<\/div>\n<p>[\/et_pb_text][\/et_pb_column][\/et_pb_row][\/et_pb_section][et_pb_section fb_built=\u00bb1&#8243; _builder_version=\u00bb4.19.2&#8243; _module_preset=\u00bbdefault\u00bb global_colors_info=\u00bb{}\u00bb][et_pb_row column_structure=\u00bb1_4,1_4,1_4,1_4&#8243; _builder_version=\u00bb4.19.2&#8243; _module_preset=\u00bbdefault\u00bb global_colors_info=\u00bb{}\u00bb][et_pb_column type=\u00bb1_4&#8243; _builder_version=\u00bb4.19.2&#8243; _module_preset=\u00bbdefault\u00bb global_colors_info=\u00bb{}\u00bb][et_pb_blurb title=\u00bbDispositivo de medici\u00f3n de part\u00edculas BQ30&#8243; image=\u00bbhttps:\/\/trotec.itsp.mx\/wp-content\/uploads\/2022\/12\/bq30-4c6c.jpg\u00bb image_icon_width=\u00bb87%\u00bb _builder_version=\u00bb4.19.2&#8243; _module_preset=\u00bbdefault\u00bb header_level=\u00bbh2&#8243; header_font=\u00bbDays One||||||||\u00bb header_text_align=\u00bbleft\u00bb header_text_color=\u00bb#5d5d5d\u00bb header_font_size=\u00bb20px\u00bb body_font=\u00bbCabin||||||||\u00bb body_text_align=\u00bbleft\u00bb body_text_color=\u00bb#282828&#8243; body_font_size=\u00bb17px\u00bb border_width_all=\u00bb24px\u00bb border_color_all=\u00bbRGBA(255,255,255,0)\u00bb box_shadow_style=\u00bbpreset1&#8243; box_shadow_horizontal=\u00bb-15px\u00bb box_shadow_vertical=\u00bb16px\u00bb box_shadow_blur=\u00bb22px\u00bb box_shadow_spread=\u00bb-1px\u00bb global_colors_info=\u00bb{}\u00bb]<\/p>\n<div class=\"csc-header csc-header-n1\">\n<p class=\"csc-firstHeader\"><span>Controla los valores de part\u00edculas finas, CO <\/span><span>\u2082<\/span><span>, temperatura del aire y humedad. Puede mejorar el clima de la habitaci\u00f3n mediante el suministro de aire fresco o el uso de fi<\/span>ltros de aire<span>, humidificadores <\/span><span>o d<\/span>eshumidificadores<span>\u00a0 cuando sea necesario.<\/span><\/p>\n<\/div>\n<p>[\/et_pb_blurb][et_pb_button button_url=\u00bbhttps:\/\/wa.link\/tqxcx1&#8243; url_new_window=\u00bbon\u00bb button_text=\u00bbCotiza\u00bb button_alignment=\u00bbcenter\u00bb _builder_version=\u00bb4.19.4&#8243; _module_preset=\u00bbdefault\u00bb custom_button=\u00bbon\u00bb button_text_color=\u00bb#000000&#8243; button_bg_color=\u00bb#fbe900&#8243; button_border_width=\u00bb0px\u00bb button_border_radius=\u00bb33px\u00bb button_font=\u00bbLato|700|||||||\u00bb button_icon=\u00bb&#xf232;||fa||400&#8243; button_icon_color=\u00bb#000000&#8243; button_on_hover=\u00bboff\u00bb hover_enabled=\u00bb0&#8243; box_shadow_style=\u00bbpreset1&#8243; box_shadow_color=\u00bbRGBA(255,255,255,0)\u00bb global_colors_info=\u00bb{}\u00bb box_shadow_color__hover_enabled=\u00bbon|hover\u00bb box_shadow_color__hover=\u00bb#edef6b\u00bb button_text_size__hover_enabled=\u00bbon|hover\u00bb theme_builder_area=\u00bbpost_content\u00bb sticky_enabled=\u00bb0&#8243;][\/et_pb_button][\/et_pb_column][et_pb_column type=\u00bb1_4&#8243; _builder_version=\u00bb4.19.2&#8243; _module_preset=\u00bbdefault\u00bb global_colors_info=\u00bb{}\u00bb][\/et_pb_column][et_pb_column type=\u00bb1_4&#8243; _builder_version=\u00bb4.19.2&#8243; _module_preset=\u00bbdefault\u00bb global_colors_info=\u00bb{}\u00bb][\/et_pb_column][et_pb_column type=\u00bb1_4&#8243; _builder_version=\u00bb4.19.2&#8243; _module_preset=\u00bbdefault\u00bb global_colors_info=\u00bb{}\u00bb][\/et_pb_column][\/et_pb_row][\/et_pb_section]<\/p>\n","protected":false},"excerpt":{"rendered":"<p>Medici\u00f3n de Calidad del aire Cuando se trata de medir la calidad del aire y mantener los resultados medidos registrados a largo plazo, Trotec suministra los instrumentos de medici\u00f3n necesarios. Trotec ofrece una gran cantidad de registradores de datos clim\u00e1ticos para el registro a largo plazo de datos clim\u00e1ticos, tanto soluciones m\u00f3viles como estacionarias.\u00a0 Controla [&hellip;]<\/p>\n","protected":false},"author":1,"featured_media":0,"parent":0,"menu_order":0,"comment_status":"closed","ping_status":"closed","template":"","meta":{"_et_pb_use_builder":"on","_et_pb_old_content":"<!-- wp:divi\/placeholder \/-->","_et_gb_content_width":"","footnotes":""},"class_list":["post-276","page","type-page","status-publish","hentry"],"_links":{"self":[{"href":"https:\/\/trotec.itsp.mx\/index.php\/wp-json\/wp\/v2\/pages\/276","targetHints":{"allow":["GET"]}}],"collection":[{"href":"https:\/\/trotec.itsp.mx\/index.php\/wp-json\/wp\/v2\/pages"}],"about":[{"href":"https:\/\/trotec.itsp.mx\/index.php\/wp-json\/wp\/v2\/types\/page"}],"author":[{"embeddable":true,"href":"https:\/\/trotec.itsp.mx\/index.php\/wp-json\/wp\/v2\/users\/1"}],"replies":[{"embeddable":true,"href":"https:\/\/trotec.itsp.mx\/index.php\/wp-json\/wp\/v2\/comments?post=276"}],"version-history":[{"count":4,"href":"https:\/\/trotec.itsp.mx\/index.php\/wp-json\/wp\/v2\/pages\/276\/revisions"}],"predecessor-version":[{"id":452,"href":"https:\/\/trotec.itsp.mx\/index.php\/wp-json\/wp\/v2\/pages\/276\/revisions\/452"}],"wp:attachment":[{"href":"https:\/\/trotec.itsp.mx\/index.php\/wp-json\/wp\/v2\/media?parent=276"}],"curies":[{"name":"wp","href":"https:\/\/api.w.org\/{rel}","templated":true}]}}