{"id":278,"date":"2022-12-13T02:28:54","date_gmt":"2022-12-13T02:28:54","guid":{"rendered":"https:\/\/trotec.itsp.mx\/?page_id=278"},"modified":"2022-12-28T22:06:23","modified_gmt":"2022-12-28T22:06:23","slug":"productos-appsensors","status":"publish","type":"page","link":"https:\/\/trotec.itsp.mx\/index.php\/productos-appsensors\/","title":{"rendered":"Productos APPSENSORS"},"content":{"rendered":"<p>[et_pb_section fb_built=\u00bb1&#8243; _builder_version=\u00bb4.19.2&#8243; _module_preset=\u00bbdefault\u00bb use_background_color_gradient=\u00bbon\u00bb background_color_gradient_direction=\u00bb64deg\u00bb background_color_gradient_stops=\u00bbrgba(10,10,10,0.77) 3%|rgba(255,255,255,0.33) 100%\u00bb background_color_gradient_overlays_image=\u00bbon\u00bb background_image=\u00bbhttps:\/\/trotec.itsp.mx\/wp-content\/uploads\/2022\/12\/trotec-appsensors-compact-precision-measuring-devices-controlled-via-smartphone-6234.jpg\u00bb custom_padding=\u00bb0px||38px|||\u00bb global_colors_info=\u00bb{}\u00bb][et_pb_row _builder_version=\u00bb4.19.2&#8243; _module_preset=\u00bbdefault\u00bb global_colors_info=\u00bb{}\u00bb][et_pb_column type=\u00bb4_4&#8243; _builder_version=\u00bb4.19.2&#8243; _module_preset=\u00bbdefault\u00bb global_colors_info=\u00bb{}\u00bb][et_pb_text _builder_version=\u00bb4.19.2&#8243; _module_preset=\u00bbdefault\u00bb text_font=\u00bbCabin||||||||\u00bb text_text_color=\u00bb#FFFFFF\u00bb text_font_size=\u00bb22px\u00bb header_font=\u00bbEncode Sans|700|||||||\u00bb header_text_color=\u00bb#fbe900&#8243; header_font_size=\u00bb45px\u00bb custom_margin=\u00bb22px|||||\u00bb custom_padding=\u00bb6px|||||\u00bb text_text_shadow_style=\u00bbpreset3&#8243; text_text_shadow_horizontal_length=\u00bb0.21em\u00bb text_text_shadow_vertical_length=\u00bb0.05em\u00bb text_text_shadow_blur_strength=\u00bb0.22em\u00bb text_text_shadow_color=\u00bbrgba(0,0,0,0.69)\u00bb header_text_shadow_style=\u00bbpreset3&#8243; header_text_shadow_horizontal_length=\u00bb0.21em\u00bb header_text_shadow_vertical_length=\u00bb-0.01em\u00bb header_text_shadow_blur_strength=\u00bb0.15em\u00bb header_text_shadow_color=\u00bbrgba(0,0,0,0.66)\u00bb global_colors_info=\u00bb{}\u00bb]<\/p>\n<h1 style=\"text-align: center;\"><\/h1>\n<h1 style=\"text-align: center;\"><\/h1>\n<h1 style=\"text-align: center;\">AppSensors<\/h1>\n<p>&nbsp;<\/p>\n<div id=\"c2330416\" class=\"csc-default ctype-header\">\n<p class=\"csc-subheader csc-subheader-0\" style=\"text-align: center;\"><span style=\"font-size: 22px; text-align: left;\"><span>Los appSensors de Trotec son dispositivos de medici\u00f3n de precisi\u00f3n compactos con sensores de alta calidad.\u00a0<\/span><span>Dise\u00f1ados para ahorrar espacio y energ\u00eda: el an\u00e1lisis de datos y la operaci\u00f3n se realizan casi en su totalidad por medio del tel\u00e9fono inteligente conectado.<\/span> <\/span><\/p>\n<\/div>\n<div id=\"c2337771\" class=\"csc-default ctype-gridelements_pi1\">\n<div class=\"grid             \">\n<div class=\"column column-1    col-lg-6   \">\n<div id=\"c2337765\" class=\"csc-default ctype-image\">\n<div class=\"csc-textpic csc-textpic-center csc-textpic-above\">\n<div class=\"csc-textpic-imagewrap\">\n<div class=\"csc-textpic-center-outer\">\n<div class=\"csc-textpic-center-inner\">\n<div class=\"csc-textpic-image csc-textpic-last\"><\/div>\n<\/div>\n<\/div>\n<\/div>\n<\/div>\n<\/div>\n<\/div>\n<\/div>\n<\/div>\n<p>[\/et_pb_text][\/et_pb_column][\/et_pb_row][\/et_pb_section][et_pb_section fb_built=\u00bb1&#8243; _builder_version=\u00bb4.19.2&#8243; _module_preset=\u00bbdefault\u00bb global_colors_info=\u00bb{}\u00bb][et_pb_row column_structure=\u00bb1_4,1_4,1_4,1_4&#8243; _builder_version=\u00bb4.19.4&#8243; _module_preset=\u00bbdefault\u00bb hover_enabled=\u00bb0&#8243; global_colors_info=\u00bb{}\u00bb sticky_enabled=\u00bb0&#8243;][et_pb_column type=\u00bb1_4&#8243; _builder_version=\u00bb4.19.2&#8243; _module_preset=\u00bbdefault\u00bb global_colors_info=\u00bb{}\u00bb][et_pb_blurb title=\u00bbAnem\u00f3metro de hilo BA30WP\u00bb image=\u00bbhttps:\/\/trotec.itsp.mx\/wp-content\/uploads\/2022\/12\/ba30wp-ps-03-50b4.jpg\u00bb _builder_version=\u00bb4.19.2&#8243; _module_preset=\u00bbdefault\u00bb header_level=\u00bbh2&#8243; header_font=\u00bbDays One||||||||\u00bb header_text_align=\u00bbleft\u00bb header_text_color=\u00bb#5d5d5d\u00bb header_font_size=\u00bb20px\u00bb body_font=\u00bbCabin||||||||\u00bb body_text_align=\u00bbleft\u00bb body_text_color=\u00bb#282828&#8243; body_font_size=\u00bb17px\u00bb border_width_all=\u00bb24px\u00bb border_color_all=\u00bbRGBA(255,255,255,0)\u00bb box_shadow_style=\u00bbpreset1&#8243; box_shadow_horizontal=\u00bb-15px\u00bb box_shadow_vertical=\u00bb16px\u00bb box_shadow_blur=\u00bb22px\u00bb box_shadow_spread=\u00bb-1px\u00bb global_colors_info=\u00bb{}\u00bb]<\/p>\n<div class=\"csc-header csc-header-n1\">\n<div id=\"c2575654\" class=\"csc-default ctype-header\">\n<p><span>El appSensor BA30WP es un anem\u00f3metro de hilo caliente que mide la velocidad del aire, el flujo volum\u00e9trico, la temperatura del aire y la humedad relativa cuando se usa con la aplicaci\u00f3n MultiMeasure Mobile.<\/span><\/p>\n<\/div>\n<div class=\"image-content grid\">\n<div class=\"column column-1 col-md-6\">\n<div class=\"grid\">\n<div class=\"column column-1 col-md-4\">\n<div class=\"grid\">\n<div class=\"column\">\n<div class=\"csc-textpic\">\n<div class=\"csc-textpic-imagewrap\">\n<figure><\/figure>\n<\/div>\n<\/div>\n<\/div>\n<\/div>\n<\/div>\n<\/div>\n<\/div>\n<\/div>\n<\/div>\n<p>[\/et_pb_blurb][et_pb_button button_url=\u00bbhttps:\/\/wa.link\/i7jef1&#8243; url_new_window=\u00bbon\u00bb button_text=\u00bbCotiza\u00bb button_alignment=\u00bbcenter\u00bb _builder_version=\u00bb4.19.4&#8243; _module_preset=\u00bbdefault\u00bb custom_button=\u00bbon\u00bb button_text_color=\u00bb#000000&#8243; button_bg_color=\u00bb#fbe900&#8243; button_border_width=\u00bb0px\u00bb button_border_radius=\u00bb33px\u00bb button_font=\u00bbLato|700|||||||\u00bb button_icon=\u00bb&#xf232;||fa||400&#8243; button_icon_color=\u00bb#000000&#8243; button_on_hover=\u00bboff\u00bb hover_enabled=\u00bb0&#8243; box_shadow_style=\u00bbpreset1&#8243; box_shadow_color=\u00bbRGBA(255,255,255,0)\u00bb global_colors_info=\u00bb{}\u00bb box_shadow_color__hover_enabled=\u00bbon|hover\u00bb box_shadow_color__hover=\u00bb#edef6b\u00bb button_text_size__hover_enabled=\u00bbon|hover\u00bb theme_builder_area=\u00bbpost_content\u00bb sticky_enabled=\u00bb0&#8243;][\/et_pb_button][\/et_pb_column][et_pb_column type=\u00bb1_4&#8243; _builder_version=\u00bb4.19.2&#8243; _module_preset=\u00bbdefault\u00bb global_colors_info=\u00bb{}\u00bb][et_pb_blurb title=\u00bbTermohigr\u00f3metro BC21WP<br \/>\n\u00bb image=\u00bbhttps:\/\/trotec.itsp.mx\/wp-content\/uploads\/2022\/12\/bc21wp-ps-01-8f16.jpg\u00bb _builder_version=\u00bb4.19.2&#8243; _module_preset=\u00bbdefault\u00bb header_level=\u00bbh2&#8243; header_font=\u00bbDays One||||||||\u00bb header_text_align=\u00bbleft\u00bb header_text_color=\u00bb#5d5d5d\u00bb header_font_size=\u00bb18px\u00bb body_font=\u00bbCabin||||||||\u00bb body_text_align=\u00bbleft\u00bb body_text_color=\u00bb#282828&#8243; body_font_size=\u00bb17px\u00bb border_width_all=\u00bb24px\u00bb border_color_all=\u00bbRGBA(255,255,255,0)\u00bb box_shadow_style=\u00bbpreset1&#8243; box_shadow_horizontal=\u00bb-15px\u00bb box_shadow_vertical=\u00bb16px\u00bb box_shadow_blur=\u00bb22px\u00bb box_shadow_spread=\u00bb-1px\u00bb global_colors_info=\u00bb{}\u00bb]<\/p>\n<div class=\"csc-header csc-header-n1\">\n<div id=\"c2575654\" class=\"csc-default ctype-header\">\n<div id=\"c2575874\" class=\"csc-default ctype-header\">\n<p><span>El appSensor BC21WP es un termohigr\u00f3metro que permite la medici\u00f3n de la temperatura del aire y el nivel de humedad relativa cuando se usa en combinaci\u00f3n con la aplicaci\u00f3n MultiMeasure Mobile.<\/span><\/p>\n<\/div>\n<\/div>\n<\/div>\n<p>[\/et_pb_blurb][et_pb_button button_url=\u00bbhttps:\/\/wa.link\/hsjh8h\u00bb url_new_window=\u00bbon\u00bb button_text=\u00bbCotiza\u00bb button_alignment=\u00bbcenter\u00bb _builder_version=\u00bb4.19.4&#8243; _module_preset=\u00bbdefault\u00bb custom_button=\u00bbon\u00bb button_text_color=\u00bb#000000&#8243; button_bg_color=\u00bb#fbe900&#8243; button_border_width=\u00bb0px\u00bb button_border_radius=\u00bb33px\u00bb button_font=\u00bbLato|700|||||||\u00bb button_icon=\u00bb&#xf232;||fa||400&#8243; button_icon_color=\u00bb#000000&#8243; button_on_hover=\u00bboff\u00bb hover_enabled=\u00bb0&#8243; box_shadow_style=\u00bbpreset1&#8243; box_shadow_color=\u00bbRGBA(255,255,255,0)\u00bb global_colors_info=\u00bb{}\u00bb box_shadow_color__hover_enabled=\u00bbon|hover\u00bb box_shadow_color__hover=\u00bb#edef6b\u00bb button_text_size__hover_enabled=\u00bbon|hover\u00bb theme_builder_area=\u00bbpost_content\u00bb sticky_enabled=\u00bb0&#8243;][\/et_pb_button][\/et_pb_column][et_pb_column type=\u00bb1_4&#8243; _builder_version=\u00bb4.19.2&#8243; _module_preset=\u00bbdefault\u00bb global_colors_info=\u00bb{}\u00bb][et_pb_blurb title=\u00bbMedici\u00f3n de humedad de materiales BM22WP \u00bb image=\u00bbhttps:\/\/trotec.itsp.mx\/wp-content\/uploads\/2022\/12\/bm22wp-1782.jpg\u00bb image_icon_width=\u00bb89%\u00bb _builder_version=\u00bb4.19.2&#8243; _module_preset=\u00bbdefault\u00bb header_level=\u00bbh2&#8243; header_font=\u00bbDays One||||||||\u00bb header_text_align=\u00bbleft\u00bb header_text_color=\u00bb#5d5d5d\u00bb header_font_size=\u00bb20px\u00bb body_font=\u00bbCabin||||||||\u00bb body_text_align=\u00bbleft\u00bb body_text_color=\u00bb#282828&#8243; body_font_size=\u00bb17px\u00bb border_width_all=\u00bb25px\u00bb border_color_all=\u00bbRGBA(255,255,255,0)\u00bb border_color_bottom_image=\u00bbRGBA(255,255,255,0)\u00bb box_shadow_style=\u00bbpreset1&#8243; box_shadow_horizontal=\u00bb-15px\u00bb box_shadow_vertical=\u00bb16px\u00bb box_shadow_blur=\u00bb22px\u00bb box_shadow_spread=\u00bb-1px\u00bb global_colors_info=\u00bb{}\u00bb]<\/p>\n<div class=\"csc-header csc-header-n1\">\n<div id=\"c2575654\" class=\"csc-default ctype-header\">\n<div id=\"c2575874\" class=\"csc-default ctype-header\">\n<div id=\"c2576757\" class=\"csc-default ctype-header\">\n<p><span>El appSensor BM22WP mide la humedad de la madera y la construcci\u00f3n con el m\u00e9todo de medici\u00f3n de resistencia cuando se usa junto con la aplicaci\u00f3n MultiMeasure Mobile.<\/span><\/p>\n<\/div>\n<div class=\"image-content grid\">\n<div class=\"column column-1 col-md-6\">\n<div class=\"grid\">\n<div class=\"column column-1 col-md-4\">\n<div class=\"grid\">\n<div class=\"column\">\n<div class=\"csc-textpic\">\n<div class=\"csc-textpic-imagewrap\">\n<figure><\/figure>\n<\/div>\n<\/div>\n<\/div>\n<\/div>\n<\/div>\n<\/div>\n<\/div>\n<\/div>\n<\/div>\n<div class=\"image-content grid\">\n<div class=\"column column-1 col-md-6\">\n<div class=\"grid\">\n<div class=\"column column-1 col-md-4\">\n<div class=\"grid\">\n<div class=\"column\">\n<div class=\"csc-textpic\">\n<div class=\"csc-textpic-imagewrap\">\n<figure><\/figure>\n<\/div>\n<\/div>\n<\/div>\n<\/div>\n<\/div>\n<\/div>\n<\/div>\n<\/div>\n<\/div>\n<div class=\"image-content grid\">\n<div class=\"column column-1 col-md-6\">\n<div class=\"grid\">\n<div class=\"column column-1 col-md-4\">\n<div class=\"grid\">\n<div class=\"column\">\n<div class=\"csc-textpic\">\n<div class=\"csc-textpic-imagewrap\">\n<figure><\/figure>\n<\/div>\n<\/div>\n<\/div>\n<\/div>\n<\/div>\n<\/div>\n<\/div>\n<\/div>\n<\/div>\n<p>[\/et_pb_blurb][et_pb_button button_url=\u00bbhttps:\/\/wa.link\/2vxzui\u00bb url_new_window=\u00bbon\u00bb button_text=\u00bbCotiza\u00bb button_alignment=\u00bbcenter\u00bb _builder_version=\u00bb4.19.4&#8243; _module_preset=\u00bbdefault\u00bb custom_button=\u00bbon\u00bb button_text_color=\u00bb#000000&#8243; button_bg_color=\u00bb#fbe900&#8243; button_border_width=\u00bb0px\u00bb button_border_radius=\u00bb33px\u00bb button_font=\u00bbLato|700|||||||\u00bb button_icon=\u00bb&#xf232;||fa||400&#8243; button_icon_color=\u00bb#000000&#8243; button_on_hover=\u00bboff\u00bb hover_enabled=\u00bb0&#8243; box_shadow_style=\u00bbpreset1&#8243; box_shadow_color=\u00bbRGBA(255,255,255,0)\u00bb global_colors_info=\u00bb{}\u00bb box_shadow_color__hover_enabled=\u00bbon|hover\u00bb box_shadow_color__hover=\u00bb#edef6b\u00bb button_text_size__hover_enabled=\u00bbon|hover\u00bb theme_builder_area=\u00bbpost_content\u00bb sticky_enabled=\u00bb0&#8243;][\/et_pb_button][\/et_pb_column][et_pb_column type=\u00bb1_4&#8243; _builder_version=\u00bb4.19.2&#8243; _module_preset=\u00bbdefault\u00bb global_colors_info=\u00bb{}\u00bb][et_pb_blurb title=\u00bbIndicador de humedad BM31WP\u00bb image=\u00bbhttps:\/\/trotec.itsp.mx\/wp-content\/uploads\/2022\/12\/bm31wp-ps-12-6240.jpg\u00bb image_icon_width=\u00bb87%\u00bb _builder_version=\u00bb4.19.2&#8243; _module_preset=\u00bbdefault\u00bb header_level=\u00bbh2&#8243; header_font=\u00bbDays One||||||||\u00bb header_text_align=\u00bbleft\u00bb header_text_color=\u00bb#5d5d5d\u00bb header_font_size=\u00bb20px\u00bb body_font=\u00bbCabin||||||||\u00bb body_text_align=\u00bbleft\u00bb body_text_color=\u00bb#282828&#8243; body_font_size=\u00bb17px\u00bb custom_margin=\u00bb||29px|||\u00bb border_width_all=\u00bb24px\u00bb border_color_all=\u00bbRGBA(255,255,255,0)\u00bb border_color_bottom_image=\u00bbRGBA(255,255,255,0)\u00bb box_shadow_style=\u00bbpreset1&#8243; box_shadow_horizontal=\u00bb-15px\u00bb box_shadow_vertical=\u00bb16px\u00bb box_shadow_blur=\u00bb22px\u00bb box_shadow_spread=\u00bb-1px\u00bb global_colors_info=\u00bb{}\u00bb]<\/p>\n<div class=\"csc-header csc-header-n1\">\n<div id=\"c2575654\" class=\"csc-default ctype-header\">\n<div id=\"c2575874\" class=\"csc-default ctype-header\">\n<div id=\"c2576757\" class=\"csc-default ctype-header\">\n<div id=\"c2572944\" class=\"csc-default ctype-header\">\n<p><span>El appSensor BM31WP es un indicador de humedad electr\u00f3nico que permite mediciones de humedad capacitivas, no destructivas, cerca de la superficie. Cuando se usa con la aplicaci\u00f3n MultiMeasure Mobile.<\/span><\/p>\n<\/div>\n<div class=\"image-content grid\">\n<div class=\"column column-1 col-md-6\">\n<div class=\"grid\">\n<div class=\"column column-1 col-md-4\">\n<div class=\"grid\">\n<div class=\"column\">\n<div class=\"csc-textpic\">\n<div class=\"csc-textpic-imagewrap\">\n<figure><\/figure>\n<\/div>\n<\/div>\n<\/div>\n<\/div>\n<\/div>\n<\/div>\n<\/div>\n<\/div>\n<\/div>\n<div class=\"image-content grid\">\n<div class=\"column column-1 col-md-6\">\n<div class=\"grid\">\n<div class=\"column column-1 col-md-4\">\n<div class=\"grid\">\n<div class=\"column\">\n<div class=\"csc-textpic\">\n<div class=\"csc-textpic-imagewrap\">\n<figure><\/figure>\n<\/div>\n<\/div>\n<\/div>\n<\/div>\n<\/div>\n<\/div>\n<\/div>\n<\/div>\n<\/div>\n<div class=\"image-content grid\">\n<div class=\"column column-1 col-md-6\">\n<div class=\"grid\">\n<div class=\"column column-1 col-md-4\">\n<div class=\"grid\">\n<div class=\"column\">\n<div class=\"csc-textpic\">\n<div class=\"csc-textpic-imagewrap\">\n<figure><\/figure>\n<\/div>\n<\/div>\n<\/div>\n<\/div>\n<\/div>\n<\/div>\n<\/div>\n<\/div>\n<\/div>\n<div class=\"image-content grid\">\n<div class=\"column column-1 col-md-6\">\n<div class=\"grid\">\n<div class=\"column column-1 col-md-4\">\n<div class=\"grid\">\n<div class=\"column\">\n<div class=\"csc-textpic\">\n<div class=\"csc-textpic-imagewrap\">\n<figure><\/figure>\n<\/div>\n<\/div>\n<\/div>\n<\/div>\n<\/div>\n<\/div>\n<\/div>\n<\/div>\n<\/div>\n<p>[\/et_pb_blurb][et_pb_button button_url=\u00bbhttps:\/\/wa.link\/lyqs8l\u00bb url_new_window=\u00bbon\u00bb button_text=\u00bbCotiza\u00bb button_alignment=\u00bbcenter\u00bb _builder_version=\u00bb4.19.4&#8243; _module_preset=\u00bbdefault\u00bb custom_button=\u00bbon\u00bb button_text_color=\u00bb#000000&#8243; button_bg_color=\u00bb#fbe900&#8243; button_border_width=\u00bb0px\u00bb button_border_radius=\u00bb33px\u00bb button_font=\u00bbLato|700|||||||\u00bb button_icon=\u00bb&#xf232;||fa||400&#8243; button_icon_color=\u00bb#000000&#8243; button_on_hover=\u00bboff\u00bb hover_enabled=\u00bb0&#8243; box_shadow_style=\u00bbpreset1&#8243; box_shadow_color=\u00bbRGBA(255,255,255,0)\u00bb global_colors_info=\u00bb{}\u00bb box_shadow_color__hover_enabled=\u00bbon|hover\u00bb box_shadow_color__hover=\u00bb#edef6b\u00bb button_text_size__hover_enabled=\u00bbon|hover\u00bb theme_builder_area=\u00bbpost_content\u00bb sticky_enabled=\u00bb0&#8243;][\/et_pb_button][\/et_pb_column][\/et_pb_row][\/et_pb_section][et_pb_section fb_built=\u00bb1&#8243; _builder_version=\u00bb4.19.2&#8243; _module_preset=\u00bbdefault\u00bb global_colors_info=\u00bb{}\u00bb][et_pb_row column_structure=\u00bb1_4,1_4,1_4,1_4&#8243; _builder_version=\u00bb4.19.2&#8243; _module_preset=\u00bbdefault\u00bb global_colors_info=\u00bb{}\u00bb][et_pb_column type=\u00bb1_4&#8243; _builder_version=\u00bb4.19.2&#8243; _module_preset=\u00bbdefault\u00bb global_colors_info=\u00bb{}\u00bb][et_pb_blurb title=\u00bbPir\u00f3metro BP21WP\u00bb image=\u00bbhttps:\/\/trotec.itsp.mx\/wp-content\/uploads\/2022\/12\/bp21wp-3243.jpg\u00bb _builder_version=\u00bb4.19.2&#8243; _module_preset=\u00bbdefault\u00bb header_level=\u00bbh2&#8243; header_font=\u00bbDays One||||||||\u00bb header_text_align=\u00bbleft\u00bb header_text_color=\u00bb#5d5d5d\u00bb header_font_size=\u00bb20px\u00bb body_font=\u00bbCabin||||||||\u00bb body_text_align=\u00bbleft\u00bb body_text_color=\u00bb#282828&#8243; body_font_size=\u00bb17px\u00bb border_width_all=\u00bb24px\u00bb border_color_all=\u00bbRGBA(255,255,255,0)\u00bb box_shadow_style=\u00bbpreset1&#8243; box_shadow_horizontal=\u00bb-15px\u00bb box_shadow_vertical=\u00bb16px\u00bb box_shadow_blur=\u00bb22px\u00bb box_shadow_spread=\u00bb-1px\u00bb global_colors_info=\u00bb{}\u00bb]<\/p>\n<div class=\"csc-header csc-header-n1\">\n<div id=\"c2575654\" class=\"csc-default ctype-header\">\n<p><span>El appSensor BP21WP es un pir\u00f3metro que permite medir la temperatura de la superficie infrarroja sin contacto cuando se usa en combinaci\u00f3n con la aplicaci\u00f3n MultiMeasure Mobile.<\/span><\/p>\n<\/div>\n<div class=\"image-content grid\">\n<div class=\"column column-1 col-md-6\">\n<div class=\"grid\">\n<div class=\"column column-1 col-md-4\">\n<div class=\"grid\">\n<div class=\"column\">\n<div class=\"csc-textpic\">\n<div class=\"csc-textpic-imagewrap\">\n<figure><\/figure>\n<\/div>\n<\/div>\n<\/div>\n<\/div>\n<\/div>\n<\/div>\n<\/div>\n<\/div>\n<\/div>\n<p>[\/et_pb_blurb][et_pb_button button_url=\u00bbhttps:\/\/wa.link\/pjt13l\u00bb url_new_window=\u00bbon\u00bb button_text=\u00bbCotiza\u00bb button_alignment=\u00bbcenter\u00bb _builder_version=\u00bb4.19.4&#8243; _module_preset=\u00bbdefault\u00bb custom_button=\u00bbon\u00bb button_text_color=\u00bb#000000&#8243; button_bg_color=\u00bb#fbe900&#8243; button_border_width=\u00bb0px\u00bb button_border_radius=\u00bb33px\u00bb button_font=\u00bbLato|700|||||||\u00bb button_icon=\u00bb&#xf232;||fa||400&#8243; button_icon_color=\u00bb#000000&#8243; button_on_hover=\u00bboff\u00bb hover_enabled=\u00bb0&#8243; box_shadow_style=\u00bbpreset1&#8243; box_shadow_color=\u00bbRGBA(255,255,255,0)\u00bb global_colors_info=\u00bb{}\u00bb box_shadow_color__hover_enabled=\u00bbon|hover\u00bb box_shadow_color__hover=\u00bb#edef6b\u00bb button_text_size__hover_enabled=\u00bbon|hover\u00bb theme_builder_area=\u00bbpost_content\u00bb sticky_enabled=\u00bb0&#8243;][\/et_pb_button][\/et_pb_column][et_pb_column type=\u00bb1_4&#8243; _builder_version=\u00bb4.19.2&#8243; _module_preset=\u00bbdefault\u00bb global_colors_info=\u00bb{}\u00bb][et_pb_blurb title=\u00bbMedici\u00f3n del nivel del sonido BS30WP \u00bb image=\u00bbhttps:\/\/trotec.itsp.mx\/wp-content\/uploads\/2022\/12\/bs30wp-ps-03-d9b2.jpg\u00bb _builder_version=\u00bb4.19.2&#8243; _module_preset=\u00bbdefault\u00bb header_level=\u00bbh2&#8243; header_font=\u00bbDays One||||||||\u00bb header_text_align=\u00bbleft\u00bb header_text_color=\u00bb#5d5d5d\u00bb header_font_size=\u00bb20px\u00bb body_font=\u00bbCabin||||||||\u00bb body_text_align=\u00bbleft\u00bb body_text_color=\u00bb#282828&#8243; body_font_size=\u00bb17px\u00bb border_width_all=\u00bb24px\u00bb border_color_all=\u00bbRGBA(255,255,255,0)\u00bb box_shadow_style=\u00bbpreset1&#8243; box_shadow_horizontal=\u00bb-15px\u00bb box_shadow_vertical=\u00bb16px\u00bb box_shadow_blur=\u00bb22px\u00bb box_shadow_spread=\u00bb-1px\u00bb global_colors_info=\u00bb{}\u00bb]<\/p>\n<div class=\"csc-header csc-header-n1\">\n<div id=\"c2575654\" class=\"csc-default ctype-header\">\n<div id=\"c2575874\" class=\"csc-default ctype-header\">\n<p><span>El appSensor BS30WP mide el nivel de sonido, permite la medici\u00f3n r\u00e1pida y f\u00e1cil del volumen de los sonidos ambientales cuando se usa con la aplicaci\u00f3n MultiMeasure Mobile.<\/span><\/p>\n<\/div>\n<\/div>\n<\/div>\n<p>[\/et_pb_blurb][et_pb_button button_url=\u00bbhttps:\/\/wa.link\/8bx3ru\u00bb url_new_window=\u00bbon\u00bb button_text=\u00bbCotiza\u00bb button_alignment=\u00bbcenter\u00bb _builder_version=\u00bb4.19.4&#8243; _module_preset=\u00bbdefault\u00bb custom_button=\u00bbon\u00bb button_text_color=\u00bb#000000&#8243; button_bg_color=\u00bb#fbe900&#8243; button_border_width=\u00bb0px\u00bb button_border_radius=\u00bb33px\u00bb button_font=\u00bbLato|700|||||||\u00bb button_icon=\u00bb&#xf232;||fa||400&#8243; button_icon_color=\u00bb#000000&#8243; button_on_hover=\u00bboff\u00bb hover_enabled=\u00bb0&#8243; box_shadow_style=\u00bbpreset1&#8243; box_shadow_color=\u00bbRGBA(255,255,255,0)\u00bb global_colors_info=\u00bb{}\u00bb box_shadow_color__hover_enabled=\u00bbon|hover\u00bb box_shadow_color__hover=\u00bb#edef6b\u00bb button_text_size__hover_enabled=\u00bbon|hover\u00bb theme_builder_area=\u00bbpost_content\u00bb sticky_enabled=\u00bb0&#8243;][\/et_pb_button][\/et_pb_column][et_pb_column type=\u00bb1_4&#8243; _builder_version=\u00bb4.19.2&#8243; _module_preset=\u00bbdefault\u00bb global_colors_info=\u00bb{}\u00bb][\/et_pb_column][et_pb_column type=\u00bb1_4&#8243; _builder_version=\u00bb4.19.2&#8243; _module_preset=\u00bbdefault\u00bb global_colors_info=\u00bb{}\u00bb][\/et_pb_column][\/et_pb_row][\/et_pb_section]<\/p>\n","protected":false},"excerpt":{"rendered":"<p>AppSensors &nbsp; Los appSensors de Trotec son dispositivos de medici\u00f3n de precisi\u00f3n compactos con sensores de alta calidad.\u00a0Dise\u00f1ados para ahorrar espacio y energ\u00eda: el an\u00e1lisis de datos y la operaci\u00f3n se realizan casi en su totalidad por medio del tel\u00e9fono inteligente conectado. El appSensor BA30WP es un anem\u00f3metro de hilo caliente que mide la velocidad [&hellip;]<\/p>\n","protected":false},"author":1,"featured_media":0,"parent":0,"menu_order":0,"comment_status":"closed","ping_status":"closed","template":"","meta":{"_et_pb_use_builder":"on","_et_pb_old_content":"<!-- wp:divi\/placeholder \/-->","_et_gb_content_width":"","footnotes":""},"class_list":["post-278","page","type-page","status-publish","hentry"],"_links":{"self":[{"href":"https:\/\/trotec.itsp.mx\/index.php\/wp-json\/wp\/v2\/pages\/278","targetHints":{"allow":["GET"]}}],"collection":[{"href":"https:\/\/trotec.itsp.mx\/index.php\/wp-json\/wp\/v2\/pages"}],"about":[{"href":"https:\/\/trotec.itsp.mx\/index.php\/wp-json\/wp\/v2\/types\/page"}],"author":[{"embeddable":true,"href":"https:\/\/trotec.itsp.mx\/index.php\/wp-json\/wp\/v2\/users\/1"}],"replies":[{"embeddable":true,"href":"https:\/\/trotec.itsp.mx\/index.php\/wp-json\/wp\/v2\/comments?post=278"}],"version-history":[{"count":8,"href":"https:\/\/trotec.itsp.mx\/index.php\/wp-json\/wp\/v2\/pages\/278\/revisions"}],"predecessor-version":[{"id":454,"href":"https:\/\/trotec.itsp.mx\/index.php\/wp-json\/wp\/v2\/pages\/278\/revisions\/454"}],"wp:attachment":[{"href":"https:\/\/trotec.itsp.mx\/index.php\/wp-json\/wp\/v2\/media?parent=278"}],"curies":[{"name":"wp","href":"https:\/\/api.w.org\/{rel}","templated":true}]}}